{"id":461,"date":"2017-05-04T17:01:40","date_gmt":"2017-05-04T15:01:40","guid":{"rendered":"https:\/\/albert-schweitzer.org\/?page_id=461"},"modified":"2022-05-18T11:54:02","modified_gmt":"2022-05-18T09:54:02","slug":"links","status":"publish","type":"page","link":"https:\/\/vor2024.albert-schweitzer.org\/index.php\/links\/","title":{"rendered":"Links"},"content":{"rendered":"<p>Im Folgenden pr\u00e4sentieren wir Links zu Aktionen und Einrichtungen an denen wir mitgewirkt haben oder die uns besonders am Herzen liegen.<\/p>\n<h5><b>Nummer gegen Kummer<\/b><\/h5>\n<p class=\"bodytext\">Die Nummer gegen Kummer bietet ein anonymes und kostenloses Kinder- und Jugend-, aber auch ein Elterntelefon an.<br \/>\nEgal ob man sich einen Rat zu einem bestimmten Thema holen, sich einfach mal aussprechen oder Fragen stellen will, hier kann man sich melden.<a title=\"\u00d6ffnet externen Link in neuem Fenster\" href=\"https:\/\/www.nummergegenkummer.de\/\" target=\"_blank\" rel=\"noopener noreferrer\"><br \/>\nhttps:\/\/www.nummergegenkummer.de<\/a><\/p>\n<h5>Gutes tun tut gut!<\/h5>\n<p class=\"bodytext\">Unterst\u00fctzer, F\u00f6rderer und Stifter, die sich im Sinne Albert Schweitzers f\u00fcr Kinder und Familien in Not engagieren, stellen sich vor:<br \/>\n<a class=\"external-link-new-window\" title=\"\u00d6ffnet externen Link in neuem Fenster\" href=\"https:\/\/albert-schweitzer-verband.de\/engagieren\/spendenmoeglichkeiten\/\">http:\/\/www.gutes-tun-tut-gut.de<\/a><\/p>\n<h5>Miteinander Schulaktion<\/h5>\n<p class=\"bodytext\">Kinder brauchen Werte &#8211; bundesweite Schulaktion zur Wertevermittlung der Albert-Schweitzer-Kinderd\u00f6rfer und Familienwerke:<br \/>\n<a class=\"external-link-new-window\" title=\"\u00d6ffnet externen Link in neuem Fenster\" href=\"http:\/\/www.albert-schweitzer-miteinander.de\">http:\/\/www.albert-schweitzer-miteinander.de<\/a><\/p>\n<p class=\"bodytext\"><div  class=\"x-column x-sm x-1-2\" style=\"\" >\n<h5>Albert-Schweitzer-Familienwerke und Kinderd\u00f6rfer<\/h5>\n<p class=\"bodytext\"><b>Albert-Schweitzer-Verband der Familienwerke und Kinderd\u00f6rfer e.V.<\/b><br \/>\n<a href=\"https:\/\/albert-schweitzer-verband.de\/\" target=\"_blank\" rel=\"noopener\">https:\/\/albert-schweitzer-verband.de\/<\/a><\/p>\n<p class=\"bodytext\"><b>Albert-Schweitzer-Familienwerk Niedersachsen<br \/>\n<\/b><a class=\"external-link-new-window\" title=\"\u00d6ffnet externen Link in neuem Fenster\" href=\"http:\/\/www.familienwerk.de\/\" target=\"_blank\" rel=\"noopener noreferrer\">www.familienwerk.de<\/a><\/p>\n<p class=\"bodytext\"><b>Albert-Schweitzer-Familienwerk Mecklenburg-Vorpommern e.V.<br \/>\n<\/b><a class=\"external-link-new-window\" title=\"\u00d6ffnet externen Link in neuem Fenster\" href=\"https:\/\/familienwerk-mv.de\/\" target=\"_blank\" rel=\"noopener noreferrer\">www.familienwerk-mv.de<\/a><\/p>\n<p class=\"bodytext\"><b>Albert-Schweitzer-Kinderdorf Th\u00fcringen e.V.<br \/>\n<\/b><a title=\"\u00d6ffnet externen Link in neuem Fenster\" href=\"http:\/\/www.kinderdorf-erfurt.de\/\" target=\"_blank\" rel=\"noopener noreferrer\">www.kinderdorf-erfurt.de<\/a><\/p>\n<p class=\"bodytext\"><b>Albert-Schweitzer-Kinderdorf e.V. Waldenburg<br \/>\n<\/b><a title=\"\u00d6ffnet externen Link in neuem Fenster\" href=\"http:\/\/www.albert-schweitzer-kinderdorf.de\/\" target=\"_blank\" rel=\"noopener noreferrer\">www.Albert-Schweitzer-Kinderdorf.de<\/a><\/p>\n<p class=\"bodytext\"><b>Albert-Schweitzer-Kinderdorf Berlin e.V.<br \/>\n<\/b><a title=\"\u00d6ffnet externen Link in neuem Fenster\" href=\"http:\/\/www.kinderdorf-berlin.de\/\" target=\"_blank\" rel=\"noopener noreferrer\">www.kinderdorf-berlin.de<\/a><\/p>\n<p class=\"bodytext\"><b>Albert-Schweitzer-Familienwerk Brandenburg e.V.<br \/>\n<\/b><a title=\"\u00d6ffnet externen Link in neuem Fenster\" href=\"http:\/\/www.asf-brandenburg.de\/\" target=\"_blank\" rel=\"noopener noreferrer\">www.asf-brandenburg.de<\/a><\/p>\n<p class=\"bodytext\"><b>Albert-Schweitzer-Familienwerk Rheinland-Pfalz \/ Saarland e.V.<br \/>\n<\/b><a title=\"\u00d6ffnet externen Link in neuem Fenster\" href=\"http:\/\/www.albert-schweitzer-familienwerk.de\/\" target=\"_blank\" rel=\"noopener noreferrer\">www.albert-schweitzer-familienwerk.de<br \/>\n<\/a><\/p>\n<p class=\"bodytext\"><b>Albert-Schweitzer-Kinderdorf in Sachsen e.V.<br \/>\n<\/b><a title=\"\u00d6ffnet externen Link in neuem Fenster\" href=\"http:\/\/www.kinderdorf-online.de\/\" target=\"_blank\" rel=\"noopener noreferrer\">www.kinderdorf-online.de<\/a><\/p>\n<p class=\"bodytext\"><b>Albert-Schweitzer-Familienwerk Sachsen-Anhalt e.V.<br \/>\n<\/b><a title=\"\u00d6ffnet externen Link in neuem Fenster\" href=\"http:\/\/www.albert-schweitzer-sachsen-anhalt.de\/\" target=\"_blank\" rel=\"noopener noreferrer\">www.albert-schweitzer-sachsen-anhalt.de<\/a><\/p>\n<p class=\"bodytext\"><b>Albert-Schweitzer-Familienwerk Philippinen<\/b><br \/>\n<a class=\"external-link-new-window\" title=\"\u00d6ffnet externen Link in neuem Fenster\" href=\"http:\/\/asffpi.webs.com\/\" target=\"_blank\" rel=\"noopener noreferrer\">http:\/\/asffpi.webs.com\/<\/a><\/p>\n<\/div> <div  class=\"x-column x-sm x-1-2 last\" style=\"\" >\n<h5>Informationen \u00fcber Albert Schweitzer<\/h5>\n<p class=\"bodytext\"><b>Albert Schweitzer Lebenslinie<br \/>\n<\/b><a class=\"external-link-new-window\" title=\"\u00d6ffnet externen Link in neuem Fenster\" href=\"https:\/\/albert-schweitzer-verband.de\/informieren\/ueber-uns\/namensgeber\/albert-schweitzer-lebenslinie\/\">https:\/\/albert-schweitzer-verband.de<\/a><\/p>\n<p class=\"bodytext\"><b>Internationale Albert Schweitzer Foundation<br \/>\n<\/b><a title=\"\u00d6ffnet externen Link in neuem Fenster\" href=\"http:\/\/www.schweitzer.org\/\" target=\"_blank\" rel=\"noopener noreferrer\">www.schweitzer.org<\/a><\/p>\n<p class=\"bodytext\"><b>Deutsches Albert-Schweitzer-Zentrum<br \/>\n<\/b><a title=\"\u00d6ffnet externen Link in neuem Fenster\" href=\"http:\/\/www.albert-schweitzer-zentrum.de\/\" target=\"_blank\" rel=\"noopener noreferrer\">www.albert-schweitzer-zentrum.de<\/a><\/p>\n<h5>Verb\u00e4nde und Institute<\/h5>\n<p class=\"bodytext\"><b>Netzwerk Erziehungsstellen<\/b><br \/>\n<a class=\"external-link-new-window\" title=\"\u00d6ffnet externen Link in neuem Fenster\" href=\"http:\/\/www.erziehungsstellen.org\/\" target=\"_blank\" rel=\"noopener noreferrer\">www.erziehungsstellen.org<\/a><\/p>\n<p class=\"bodytext\"><b>IGFH, Internationale Gesellschaft f\u00fcr erzieherische Hilfen, Frankfurt<br \/>\n<\/b><a title=\"\u00d6ffnet externen Link in neuem Fenster\" href=\"http:\/\/www.igfh.de\/\" target=\"_blank\" rel=\"noopener noreferrer\">www.igfh.de<\/a><\/p>\n<p class=\"bodytext\"><b>Parit\u00e4tischer Wohlfahrtsverband Bayern<br \/>\n<\/b><a title=\"\u00d6ffnet externen Link in neuem Fenster\" href=\"http:\/\/www.paritaet-bayern.de\/\" target=\"_blank\" rel=\"noopener noreferrer\">www.paritaet-bayern.de<\/a><\/p>\n<p class=\"bodytext\"><b>Bundesverband Natur\/Wald<br \/>\n<\/b><a title=\"\u00d6ffnet externen Link in neuem Fenster\" href=\"http:\/\/www.bvnw.de\/\" target=\"_blank\" rel=\"noopener noreferrer\">www.bvnw.de<\/a><br \/>\n<a title=\"\u00d6ffnet externen Link in neuem Fenster\" href=\"http:\/\/www.waldkinder.de\/\" target=\"_blank\" rel=\"noopener noreferrer\">www.waldkinder.de<\/a><\/p>\n<p class=\"bodytext\"><b>Landesverband Waldkindergarten Bayern<br \/>\n<\/b><a title=\"\u00d6ffnet externen Link in neuem Fenster\" href=\"http:\/\/www.lv-waldkindergarten-bayern.de\/\" target=\"_blank\" rel=\"noopener noreferrer\">www.lv-waldkindergarten-bayern.de<\/a><\/p>\n<h2><\/h2>\n<h5>Informationen, Gesetze<\/h5>\n<p class=\"bodytext\"><b>Landesheimrat<\/b><a class=\"external-link-new-window\" title=\"\u00d6ffnet externen Link in neuem Fenster\" href=\"http:\/\/www.landesheimrat.bayern.de\/\" target=\"_blank\" rel=\"noopener noreferrer\"><br \/>\nhttp:\/\/www.landesheimrat.bayern.de\/<\/a><\/p>\n<p class=\"bodytext\"><b>Kinder und Jugendschutz<\/b><a class=\"external-link-new-window\" title=\"\u00d6ffnet externen Link in neuem Fenster\" href=\"https:\/\/www.stmas.bayern.de\/jugendschutz\/\" target=\"_blank\" rel=\"noopener noreferrer\"><br \/>\nhttps:\/\/www.stmas.bayern.de\/jugendschutz\/<\/a><\/p>\n<p class=\"bodytext\"><\/div>\n","protected":false},"excerpt":{"rendered":"<p>Im Folgenden pr\u00e4sentieren wir Links zu Aktionen und Einrichtungen an &#8230; <a href=\"https:\/\/vor2024.albert-schweitzer.org\/index.php\/links\/\" class=\"more-link\">Read More<\/a><\/p>\n","protected":false},"author":2,"featured_media":640,"parent":0,"menu_order":19,"comment_status":"closed","ping_status":"closed","template":"template-layout-full-width.php","meta":{"footnotes":""},"class_list":["post-461","page","type-page","status-publish","has-post-thumbnail","hentry"],"yoast_head":"<!-- This site is optimized with the Yoast SEO plugin v23.2 - https:\/\/yoast.com\/wordpress\/plugins\/seo\/ -->\n<title>Links - Albert Schweitzer<\/title>\n<meta name=\"robots\" content=\"noindex, follow, max-snippet:-1, max-image-preview:large, max-video-preview:-1\" \/>\n<meta name=\"twitter:label1\" content=\"Gesch\u00e4tzte Lesezeit\" \/>\n\t<meta name=\"twitter:data1\" content=\"1\u00a0Minute\" \/>\n<script type=\"application\/ld+json\" class=\"yoast-schema-graph\">{\"@context\":\"https:\/\/schema.org\",\"@graph\":[{\"@type\":\"WebPage\",\"@id\":\"https:\/\/albert-schweitzer.org\/index.php\/links\/\",\"url\":\"https:\/\/albert-schweitzer.org\/index.php\/links\/\",\"name\":\"Links - Albert Schweitzer\",\"isPartOf\":{\"@id\":\"https:\/\/vor2024.albert-schweitzer.org\/#website\"},\"primaryImageOfPage\":{\"@id\":\"https:\/\/albert-schweitzer.org\/index.php\/links\/#primaryimage\"},\"image\":{\"@id\":\"https:\/\/albert-schweitzer.org\/index.php\/links\/#primaryimage\"},\"thumbnailUrl\":\"https:\/\/albert-schweitzer.org\/wp-content\/uploads\/2017\/05\/Links-kv_1_1_ambulante_hilfen.jpg\",\"datePublished\":\"2017-05-04T15:01:40+00:00\",\"dateModified\":\"2022-05-18T09:54:02+00:00\",\"breadcrumb\":{\"@id\":\"https:\/\/albert-schweitzer.org\/index.php\/links\/#breadcrumb\"},\"inLanguage\":\"de\",\"potentialAction\":[{\"@type\":\"ReadAction\",\"target\":[\"https:\/\/albert-schweitzer.org\/index.php\/links\/\"]}]},{\"@type\":\"ImageObject\",\"inLanguage\":\"de\",\"@id\":\"https:\/\/albert-schweitzer.org\/index.php\/links\/#primaryimage\",\"url\":\"https:\/\/albert-schweitzer.org\/wp-content\/uploads\/2017\/05\/Links-kv_1_1_ambulante_hilfen.jpg\",\"contentUrl\":\"https:\/\/albert-schweitzer.org\/wp-content\/uploads\/2017\/05\/Links-kv_1_1_ambulante_hilfen.jpg\",\"width\":1136,\"height\":448},{\"@type\":\"BreadcrumbList\",\"@id\":\"https:\/\/albert-schweitzer.org\/index.php\/links\/#breadcrumb\",\"itemListElement\":[{\"@type\":\"ListItem\",\"position\":1,\"name\":\"Startseite\",\"item\":\"https:\/\/albert-schweitzer.org\/\"},{\"@type\":\"ListItem\",\"position\":2,\"name\":\"Links\"}]},{\"@type\":\"WebSite\",\"@id\":\"https:\/\/vor2024.albert-schweitzer.org\/#website\",\"url\":\"https:\/\/vor2024.albert-schweitzer.org\/\",\"name\":\"Albert-Schweitzer-Familienwerk Bayern e.V.\",\"description\":\"Familienwerk Bayern\",\"publisher\":{\"@id\":\"https:\/\/vor2024.albert-schweitzer.org\/#organization\"},\"potentialAction\":[{\"@type\":\"SearchAction\",\"target\":{\"@type\":\"EntryPoint\",\"urlTemplate\":\"https:\/\/vor2024.albert-schweitzer.org\/?s={search_term_string}\"},\"query-input\":\"required name=search_term_string\"}],\"inLanguage\":\"de\"},{\"@type\":\"Organization\",\"@id\":\"https:\/\/vor2024.albert-schweitzer.org\/#organization\",\"name\":\"Albert-Schweitzer-Familienwerk Bayern e.V.\",\"url\":\"https:\/\/vor2024.albert-schweitzer.org\/\",\"logo\":{\"@type\":\"ImageObject\",\"inLanguage\":\"de\",\"@id\":\"https:\/\/vor2024.albert-schweitzer.org\/#\/schema\/logo\/image\/\",\"url\":\"https:\/\/albert-schweitzer.org\/wp-content\/uploads\/2017\/05\/Neues-Logo-2017-03-31-12_27_52-Albert-Schweitzer-Familienwerk-Bayern_-Hilfe-f\u00fcr-Kinder_V07.jpg\",\"contentUrl\":\"https:\/\/albert-schweitzer.org\/wp-content\/uploads\/2017\/05\/Neues-Logo-2017-03-31-12_27_52-Albert-Schweitzer-Familienwerk-Bayern_-Hilfe-f\u00fcr-Kinder_V07.jpg\",\"width\":307,\"height\":87,\"caption\":\"Albert-Schweitzer-Familienwerk Bayern e.V.\"},\"image\":{\"@id\":\"https:\/\/vor2024.albert-schweitzer.org\/#\/schema\/logo\/image\/\"},\"sameAs\":[\"https:\/\/www.facebook.com\/albert.schweitzer.familienwerk.bayern\/\",\"https:\/\/www.youtube.com\/channel\/UCVsoq3VgkNdLrfYvRvcSFTA\"]}]}<\/script>\n<!-- \/ Yoast SEO plugin. -->","yoast_head_json":{"title":"Links - Albert Schweitzer","robots":{"index":"noindex","follow":"follow","max-snippet":"max-snippet:-1","max-image-preview":"max-image-preview:large","max-video-preview":"max-video-preview:-1"},"twitter_misc":{"Gesch\u00e4tzte Lesezeit":"1\u00a0Minute"},"schema":{"@context":"https:\/\/schema.org","@graph":[{"@type":"WebPage","@id":"https:\/\/albert-schweitzer.org\/index.php\/links\/","url":"https:\/\/albert-schweitzer.org\/index.php\/links\/","name":"Links - Albert Schweitzer","isPartOf":{"@id":"https:\/\/vor2024.albert-schweitzer.org\/#website"},"primaryImageOfPage":{"@id":"https:\/\/albert-schweitzer.org\/index.php\/links\/#primaryimage"},"image":{"@id":"https:\/\/albert-schweitzer.org\/index.php\/links\/#primaryimage"},"thumbnailUrl":"https:\/\/albert-schweitzer.org\/wp-content\/uploads\/2017\/05\/Links-kv_1_1_ambulante_hilfen.jpg","datePublished":"2017-05-04T15:01:40+00:00","dateModified":"2022-05-18T09:54:02+00:00","breadcrumb":{"@id":"https:\/\/albert-schweitzer.org\/index.php\/links\/#breadcrumb"},"inLanguage":"de","potentialAction":[{"@type":"ReadAction","target":["https:\/\/albert-schweitzer.org\/index.php\/links\/"]}]},{"@type":"ImageObject","inLanguage":"de","@id":"https:\/\/albert-schweitzer.org\/index.php\/links\/#primaryimage","url":"https:\/\/albert-schweitzer.org\/wp-content\/uploads\/2017\/05\/Links-kv_1_1_ambulante_hilfen.jpg","contentUrl":"https:\/\/albert-schweitzer.org\/wp-content\/uploads\/2017\/05\/Links-kv_1_1_ambulante_hilfen.jpg","width":1136,"height":448},{"@type":"BreadcrumbList","@id":"https:\/\/albert-schweitzer.org\/index.php\/links\/#breadcrumb","itemListElement":[{"@type":"ListItem","position":1,"name":"Startseite","item":"https:\/\/albert-schweitzer.org\/"},{"@type":"ListItem","position":2,"name":"Links"}]},{"@type":"WebSite","@id":"https:\/\/vor2024.albert-schweitzer.org\/#website","url":"https:\/\/vor2024.albert-schweitzer.org\/","name":"Albert-Schweitzer-Familienwerk Bayern e.V.","description":"Familienwerk Bayern","publisher":{"@id":"https:\/\/vor2024.albert-schweitzer.org\/#organization"},"potentialAction":[{"@type":"SearchAction","target":{"@type":"EntryPoint","urlTemplate":"https:\/\/vor2024.albert-schweitzer.org\/?s={search_term_string}"},"query-input":"required name=search_term_string"}],"inLanguage":"de"},{"@type":"Organization","@id":"https:\/\/vor2024.albert-schweitzer.org\/#organization","name":"Albert-Schweitzer-Familienwerk Bayern e.V.","url":"https:\/\/vor2024.albert-schweitzer.org\/","logo":{"@type":"ImageObject","inLanguage":"de","@id":"https:\/\/vor2024.albert-schweitzer.org\/#\/schema\/logo\/image\/","url":"https:\/\/albert-schweitzer.org\/wp-content\/uploads\/2017\/05\/Neues-Logo-2017-03-31-12_27_52-Albert-Schweitzer-Familienwerk-Bayern_-Hilfe-f\u00fcr-Kinder_V07.jpg","contentUrl":"https:\/\/albert-schweitzer.org\/wp-content\/uploads\/2017\/05\/Neues-Logo-2017-03-31-12_27_52-Albert-Schweitzer-Familienwerk-Bayern_-Hilfe-f\u00fcr-Kinder_V07.jpg","width":307,"height":87,"caption":"Albert-Schweitzer-Familienwerk Bayern e.V."},"image":{"@id":"https:\/\/vor2024.albert-schweitzer.org\/#\/schema\/logo\/image\/"},"sameAs":["https:\/\/www.facebook.com\/albert.schweitzer.familienwerk.bayern\/","https:\/\/www.youtube.com\/channel\/UCVsoq3VgkNdLrfYvRvcSFTA"]}]}},"_links":{"self":[{"href":"https:\/\/vor2024.albert-schweitzer.org\/index.php\/wp-json\/wp\/v2\/pages\/461","targetHints":{"allow":["GET"]}}],"collection":[{"href":"https:\/\/vor2024.albert-schweitzer.org\/index.php\/wp-json\/wp\/v2\/pages"}],"about":[{"href":"https:\/\/vor2024.albert-schweitzer.org\/index.php\/wp-json\/wp\/v2\/types\/page"}],"author":[{"embeddable":true,"href":"https:\/\/vor2024.albert-schweitzer.org\/index.php\/wp-json\/wp\/v2\/users\/2"}],"replies":[{"embeddable":true,"href":"https:\/\/vor2024.albert-schweitzer.org\/index.php\/wp-json\/wp\/v2\/comments?post=461"}],"version-history":[{"count":11,"href":"https:\/\/vor2024.albert-schweitzer.org\/index.php\/wp-json\/wp\/v2\/pages\/461\/revisions"}],"predecessor-version":[{"id":3922,"href":"https:\/\/vor2024.albert-schweitzer.org\/index.php\/wp-json\/wp\/v2\/pages\/461\/revisions\/3922"}],"wp:featuredmedia":[{"embeddable":true,"href":"https:\/\/vor2024.albert-schweitzer.org\/index.php\/wp-json\/wp\/v2\/media\/640"}],"wp:attachment":[{"href":"https:\/\/vor2024.albert-schweitzer.org\/index.php\/wp-json\/wp\/v2\/media?parent=461"}],"curies":[{"name":"wp","href":"https:\/\/api.w.org\/{rel}","templated":true}]}}