{"id":455,"date":"2017-05-04T16:58:23","date_gmt":"2017-05-04T14:58:23","guid":{"rendered":"https:\/\/albert-schweitzer.org\/?page_id=455"},"modified":"2018-12-12T09:14:02","modified_gmt":"2018-12-12T08:14:02","slug":"fachthemen","status":"publish","type":"page","link":"https:\/\/vor2024.albert-schweitzer.org\/index.php\/fachthemen\/","title":{"rendered":"Fachthemen"},"content":{"rendered":"<h4 class=\"bodytext\">Fachthemen<\/h4>\n<p class=\"bodytext\">Im Albert-Schweitzer-Familienwerk Bayern e.V. setzen wir uns, \u00fcber unsere t\u00e4gliche Arbeit hinaus, regelm\u00e4\u00dfig mit p\u00e4dagogischen Problemen und gesellschaftlichen Str\u00f6mungen der Kinder- und Jugendhilfe auseinander. Wir untersuchen dabei Fragen der p\u00e4dagogischen Arbeit fachlich und kommen \u00fcber eine inhaltliche Auseinandersetzung zu praktikablen L\u00f6sungen im Alltag.<\/p>\n<h5 class=\"bodytext\">Grenzen wahrender Umgang<\/h5>\n<p class=\"bodytext\">Im Zusammenhang mit den Vorf\u00e4llen von Gewalt und sexuellen \u00dcbergriffen in Einrichtungen der Kirchen und von freien Tr\u00e4gern wurden wir mehrfach auf unsere Ma\u00dfnahmen hinsichtlich dieser Thematik angesprochen. Dieses Interesse an unserem Verfahren und unserer Haltung haben wir zum Anlass genommen, diese schriftlich zusammenzufassen. Hier k\u00f6nnen Sie weitere Informationen zu diesem Thema einsehen.\u00a0<a href=\"https:\/\/albert-schweitzer.org\/index.php\/grenzen-wahrender-umgang\/\" target=\"_blank\" rel=\"noopener noreferrer\">Weiterlesen<\/a><\/p>\n<h5>Kindswohlgef\u00e4hrdung<\/h5>\n<p class=\"bodytext\">Zu diesem Thema haben wir einen internen Handlungsleitfaden f\u00fcr den Umgang mit einem Verdacht auf Kindeswohlgef\u00e4hrdung durch externe und interne Personen entwickelt. <a title=\"\u00d6ffnet internen Link im aktuellen Fenster\" href=\"https:\/\/albert-schweitzer.org\/index.php\/handlungsleitfaden-kindeswohlgefaehrdung\/\" target=\"_blank\" rel=\"noopener noreferrer\">Weiterlesen<\/a><\/p>\n<h5>Partizipation und Beschwerdemanagement<\/h5>\n<p class=\"bodytext\">Unsere Aufgabe ist es, den Kindern und Jugendlichen Beteiligung an Entscheidungen und Gestaltungsspielraum bei deren Umsetzung einzur\u00e4umen sowie Raum und Strukturen zu schaffen, um Anregungen, \u00c4ngste und Beschwerden zu kommunizieren. In der Beteiligung sehen wir einen wesentlichen Aspekt zur F\u00f6rderung junger Menschen zu einer eigenverantwortlichen und gemeinschaftsf\u00e4higen Pers\u00f6nlichkeit. Kinder und Jugendliche sollen wissen, welche M\u00f6glichkeiten es f\u00fcr sie gibt, Verantwortung zu \u00fcbernehmen und ihr Leben zu gestalten. Ebenso sollen sie ein Bewusstsein daf\u00fcr bekommen, auf welchem Wege sie sich gegen Unrecht zur Wehr setzen k\u00f6nnen. Die Strukturen im Albert-Schweitzer-Familienwerk bieten den Kindern oder Jugendlichen einen Handlungsrahmen, um W\u00fcnsche und Beschwerden zu \u00e4u\u00dfern und dies auch nachvollziehbar und transparent zu gestalten. <a href=\"https:\/\/albert-schweitzer.org\/index.php\/beschwerdemanagement-und-partizipation\/\" target=\"_blank\" rel=\"noopener noreferrer\">Weiterlesen<\/a><\/p>\n<h5>Dreht\u00fcrp\u00e4dagogik<\/h5>\n<blockquote>\n<p class=\"bodytext\"><b>Du bist zeitlebens f\u00fcr das verantwortlich, was du dir vertraut gemacht hast.<br \/>\n<\/b><em>Antoine de Saint-Exupery (Der kleine Prinz)<\/em><\/p>\n<\/blockquote>\n<p class=\"bodytext\">\u00a0Einen weiteren Ansatzpunkt der Ver\u00e4nderung in unserer Arbeit ist die von uns sogenannte \u201eDreht\u00fcrp\u00e4dagogik\u201c. Es ist ein Konzept zur Vermeidung des h\u00e4ufigen Wechsels der Kinder und Jugendlichen von einer vollstation\u00e4ren Einrichtung in die n\u00e4chste. Die Einrichtungen des Albert-Schweitzer-Familienwerks sind klein, \u00fcberschaubar und von gro\u00dfer Beziehungskontinuit\u00e4t gepr\u00e4gt. Auf allen Ebenen herrscht ein gro\u00dfes Bewusstsein daf\u00fcr, wie essenziell wichtig und heilend stabile pers\u00f6nliche Beziehungen f\u00fcr jeden Menschen sind. Das Konzept k\u00f6nnen Sie <a href=\"https:\/\/albert-schweitzer.org\/index.php\/drehtuerpaedagogik\/\" target=\"_blank\" rel=\"noopener noreferrer\">hier<\/a> lesen.<\/p>\n<p class=\"bodytext\"><b>PDF<\/b> <a href=\"https:\/\/albert-schweitzer.org\/wp-content\/uploads\/2017\/05\/Kontinuitaet_in_vollstationaeren_Einrichtungen.pdf\" target=\"_blank\" rel=\"noopener noreferrer\">download<\/a><\/p>\n<h5 class=\"bodytext\">Sexualp\u00e4dagogisches Konzept<\/h5>\n<p>In den letzten Jahren haben wir uns sehr intensiv mit der Entwicklung eines sexualp\u00e4dagogischen Konzeptes auseinandergesetzt. In der Praxis erweist es sich als hilfreich. Es enth\u00e4lt klare Handlungsleitlinien und ist gerade f\u00fcr die Pr\u00e4vention von sexuellen Grenzverletzungen sehr wichtig. Weitere Informationen finden Sie\u00a0<a href=\"https:\/\/albert-schweitzer.org\/index.php\/sexualpaedagogisches-konzept\/\" target=\"_blank\" rel=\"noopener noreferrer\">hier<\/a>.<\/p>\n<p>&nbsp;<\/p>\n<p>&nbsp;<\/p>\n","protected":false},"excerpt":{"rendered":"<p>Fachthemen Im Albert-Schweitzer-Familienwerk Bayern e.V. setzen wir uns, \u00fcber unsere &#8230; <a href=\"https:\/\/vor2024.albert-schweitzer.org\/index.php\/fachthemen\/\" class=\"more-link\">Read More<\/a><\/p>\n","protected":false},"author":2,"featured_media":637,"parent":0,"menu_order":11,"comment_status":"closed","ping_status":"closed","template":"template-layout-full-width.php","meta":{"footnotes":""},"class_list":["post-455","page","type-page","status-publish","has-post-thumbnail","hentry"],"yoast_head":"<!-- This site is optimized with the Yoast SEO plugin v23.2 - https:\/\/yoast.com\/wordpress\/plugins\/seo\/ -->\n<title>Fachthemen - Albert Schweitzer<\/title>\n<meta name=\"robots\" content=\"noindex, follow, max-snippet:-1, max-image-preview:large, max-video-preview:-1\" \/>\n<meta name=\"twitter:label1\" content=\"Gesch\u00e4tzte Lesezeit\" \/>\n\t<meta name=\"twitter:data1\" content=\"2\u00a0Minuten\" \/>\n<script type=\"application\/ld+json\" class=\"yoast-schema-graph\">{\"@context\":\"https:\/\/schema.org\",\"@graph\":[{\"@type\":\"WebPage\",\"@id\":\"https:\/\/albert-schweitzer.org\/index.php\/fachthemen\/\",\"url\":\"https:\/\/albert-schweitzer.org\/index.php\/fachthemen\/\",\"name\":\"Fachthemen - Albert Schweitzer\",\"isPartOf\":{\"@id\":\"https:\/\/vor2024.albert-schweitzer.org\/#website\"},\"primaryImageOfPage\":{\"@id\":\"https:\/\/albert-schweitzer.org\/index.php\/fachthemen\/#primaryimage\"},\"image\":{\"@id\":\"https:\/\/albert-schweitzer.org\/index.php\/fachthemen\/#primaryimage\"},\"thumbnailUrl\":\"https:\/\/albert-schweitzer.org\/wp-content\/uploads\/2017\/05\/Fachthemen-Infomaterial_web-e1497621133205.jpg\",\"datePublished\":\"2017-05-04T14:58:23+00:00\",\"dateModified\":\"2018-12-12T08:14:02+00:00\",\"breadcrumb\":{\"@id\":\"https:\/\/albert-schweitzer.org\/index.php\/fachthemen\/#breadcrumb\"},\"inLanguage\":\"de\",\"potentialAction\":[{\"@type\":\"ReadAction\",\"target\":[\"https:\/\/albert-schweitzer.org\/index.php\/fachthemen\/\"]}]},{\"@type\":\"ImageObject\",\"inLanguage\":\"de\",\"@id\":\"https:\/\/albert-schweitzer.org\/index.php\/fachthemen\/#primaryimage\",\"url\":\"https:\/\/albert-schweitzer.org\/wp-content\/uploads\/2017\/05\/Fachthemen-Infomaterial_web-e1497621133205.jpg\",\"contentUrl\":\"https:\/\/albert-schweitzer.org\/wp-content\/uploads\/2017\/05\/Fachthemen-Infomaterial_web-e1497621133205.jpg\",\"width\":1136,\"height\":380},{\"@type\":\"BreadcrumbList\",\"@id\":\"https:\/\/albert-schweitzer.org\/index.php\/fachthemen\/#breadcrumb\",\"itemListElement\":[{\"@type\":\"ListItem\",\"position\":1,\"name\":\"Startseite\",\"item\":\"https:\/\/albert-schweitzer.org\/\"},{\"@type\":\"ListItem\",\"position\":2,\"name\":\"Fachthemen\"}]},{\"@type\":\"WebSite\",\"@id\":\"https:\/\/vor2024.albert-schweitzer.org\/#website\",\"url\":\"https:\/\/vor2024.albert-schweitzer.org\/\",\"name\":\"Albert-Schweitzer-Familienwerk Bayern e.V.\",\"description\":\"Familienwerk Bayern\",\"publisher\":{\"@id\":\"https:\/\/vor2024.albert-schweitzer.org\/#organization\"},\"potentialAction\":[{\"@type\":\"SearchAction\",\"target\":{\"@type\":\"EntryPoint\",\"urlTemplate\":\"https:\/\/vor2024.albert-schweitzer.org\/?s={search_term_string}\"},\"query-input\":\"required name=search_term_string\"}],\"inLanguage\":\"de\"},{\"@type\":\"Organization\",\"@id\":\"https:\/\/vor2024.albert-schweitzer.org\/#organization\",\"name\":\"Albert-Schweitzer-Familienwerk Bayern e.V.\",\"url\":\"https:\/\/vor2024.albert-schweitzer.org\/\",\"logo\":{\"@type\":\"ImageObject\",\"inLanguage\":\"de\",\"@id\":\"https:\/\/vor2024.albert-schweitzer.org\/#\/schema\/logo\/image\/\",\"url\":\"https:\/\/albert-schweitzer.org\/wp-content\/uploads\/2017\/05\/Neues-Logo-2017-03-31-12_27_52-Albert-Schweitzer-Familienwerk-Bayern_-Hilfe-f\u00fcr-Kinder_V07.jpg\",\"contentUrl\":\"https:\/\/albert-schweitzer.org\/wp-content\/uploads\/2017\/05\/Neues-Logo-2017-03-31-12_27_52-Albert-Schweitzer-Familienwerk-Bayern_-Hilfe-f\u00fcr-Kinder_V07.jpg\",\"width\":307,\"height\":87,\"caption\":\"Albert-Schweitzer-Familienwerk Bayern e.V.\"},\"image\":{\"@id\":\"https:\/\/vor2024.albert-schweitzer.org\/#\/schema\/logo\/image\/\"},\"sameAs\":[\"https:\/\/www.facebook.com\/albert.schweitzer.familienwerk.bayern\/\",\"https:\/\/www.youtube.com\/channel\/UCVsoq3VgkNdLrfYvRvcSFTA\"]}]}<\/script>\n<!-- \/ Yoast SEO plugin. -->","yoast_head_json":{"title":"Fachthemen - Albert Schweitzer","robots":{"index":"noindex","follow":"follow","max-snippet":"max-snippet:-1","max-image-preview":"max-image-preview:large","max-video-preview":"max-video-preview:-1"},"twitter_misc":{"Gesch\u00e4tzte Lesezeit":"2\u00a0Minuten"},"schema":{"@context":"https:\/\/schema.org","@graph":[{"@type":"WebPage","@id":"https:\/\/albert-schweitzer.org\/index.php\/fachthemen\/","url":"https:\/\/albert-schweitzer.org\/index.php\/fachthemen\/","name":"Fachthemen - Albert Schweitzer","isPartOf":{"@id":"https:\/\/vor2024.albert-schweitzer.org\/#website"},"primaryImageOfPage":{"@id":"https:\/\/albert-schweitzer.org\/index.php\/fachthemen\/#primaryimage"},"image":{"@id":"https:\/\/albert-schweitzer.org\/index.php\/fachthemen\/#primaryimage"},"thumbnailUrl":"https:\/\/albert-schweitzer.org\/wp-content\/uploads\/2017\/05\/Fachthemen-Infomaterial_web-e1497621133205.jpg","datePublished":"2017-05-04T14:58:23+00:00","dateModified":"2018-12-12T08:14:02+00:00","breadcrumb":{"@id":"https:\/\/albert-schweitzer.org\/index.php\/fachthemen\/#breadcrumb"},"inLanguage":"de","potentialAction":[{"@type":"ReadAction","target":["https:\/\/albert-schweitzer.org\/index.php\/fachthemen\/"]}]},{"@type":"ImageObject","inLanguage":"de","@id":"https:\/\/albert-schweitzer.org\/index.php\/fachthemen\/#primaryimage","url":"https:\/\/albert-schweitzer.org\/wp-content\/uploads\/2017\/05\/Fachthemen-Infomaterial_web-e1497621133205.jpg","contentUrl":"https:\/\/albert-schweitzer.org\/wp-content\/uploads\/2017\/05\/Fachthemen-Infomaterial_web-e1497621133205.jpg","width":1136,"height":380},{"@type":"BreadcrumbList","@id":"https:\/\/albert-schweitzer.org\/index.php\/fachthemen\/#breadcrumb","itemListElement":[{"@type":"ListItem","position":1,"name":"Startseite","item":"https:\/\/albert-schweitzer.org\/"},{"@type":"ListItem","position":2,"name":"Fachthemen"}]},{"@type":"WebSite","@id":"https:\/\/vor2024.albert-schweitzer.org\/#website","url":"https:\/\/vor2024.albert-schweitzer.org\/","name":"Albert-Schweitzer-Familienwerk Bayern e.V.","description":"Familienwerk Bayern","publisher":{"@id":"https:\/\/vor2024.albert-schweitzer.org\/#organization"},"potentialAction":[{"@type":"SearchAction","target":{"@type":"EntryPoint","urlTemplate":"https:\/\/vor2024.albert-schweitzer.org\/?s={search_term_string}"},"query-input":"required name=search_term_string"}],"inLanguage":"de"},{"@type":"Organization","@id":"https:\/\/vor2024.albert-schweitzer.org\/#organization","name":"Albert-Schweitzer-Familienwerk Bayern e.V.","url":"https:\/\/vor2024.albert-schweitzer.org\/","logo":{"@type":"ImageObject","inLanguage":"de","@id":"https:\/\/vor2024.albert-schweitzer.org\/#\/schema\/logo\/image\/","url":"https:\/\/albert-schweitzer.org\/wp-content\/uploads\/2017\/05\/Neues-Logo-2017-03-31-12_27_52-Albert-Schweitzer-Familienwerk-Bayern_-Hilfe-f\u00fcr-Kinder_V07.jpg","contentUrl":"https:\/\/albert-schweitzer.org\/wp-content\/uploads\/2017\/05\/Neues-Logo-2017-03-31-12_27_52-Albert-Schweitzer-Familienwerk-Bayern_-Hilfe-f\u00fcr-Kinder_V07.jpg","width":307,"height":87,"caption":"Albert-Schweitzer-Familienwerk Bayern e.V."},"image":{"@id":"https:\/\/vor2024.albert-schweitzer.org\/#\/schema\/logo\/image\/"},"sameAs":["https:\/\/www.facebook.com\/albert.schweitzer.familienwerk.bayern\/","https:\/\/www.youtube.com\/channel\/UCVsoq3VgkNdLrfYvRvcSFTA"]}]}},"_links":{"self":[{"href":"https:\/\/vor2024.albert-schweitzer.org\/index.php\/wp-json\/wp\/v2\/pages\/455","targetHints":{"allow":["GET"]}}],"collection":[{"href":"https:\/\/vor2024.albert-schweitzer.org\/index.php\/wp-json\/wp\/v2\/pages"}],"about":[{"href":"https:\/\/vor2024.albert-schweitzer.org\/index.php\/wp-json\/wp\/v2\/types\/page"}],"author":[{"embeddable":true,"href":"https:\/\/vor2024.albert-schweitzer.org\/index.php\/wp-json\/wp\/v2\/users\/2"}],"replies":[{"embeddable":true,"href":"https:\/\/vor2024.albert-schweitzer.org\/index.php\/wp-json\/wp\/v2\/comments?post=455"}],"version-history":[{"count":12,"href":"https:\/\/vor2024.albert-schweitzer.org\/index.php\/wp-json\/wp\/v2\/pages\/455\/revisions"}],"predecessor-version":[{"id":981,"href":"https:\/\/vor2024.albert-schweitzer.org\/index.php\/wp-json\/wp\/v2\/pages\/455\/revisions\/981"}],"wp:featuredmedia":[{"embeddable":true,"href":"https:\/\/vor2024.albert-schweitzer.org\/index.php\/wp-json\/wp\/v2\/media\/637"}],"wp:attachment":[{"href":"https:\/\/vor2024.albert-schweitzer.org\/index.php\/wp-json\/wp\/v2\/media?parent=455"}],"curies":[{"name":"wp","href":"https:\/\/api.w.org\/{rel}","templated":true}]}}