{"id":432,"date":"2017-05-04T16:51:26","date_gmt":"2017-05-04T14:51:26","guid":{"rendered":"https:\/\/albert-schweitzer.org\/?page_id=432"},"modified":"2022-11-28T10:32:34","modified_gmt":"2022-11-28T09:32:34","slug":"albert-schweitzer","status":"publish","type":"page","link":"https:\/\/vor2024.albert-schweitzer.org\/index.php\/albert-schweitzer\/","title":{"rendered":"Albert Schweitzer"},"content":{"rendered":"<p>&nbsp;<\/p>\n<div id=\"Albert Schweitzer\" class=\"x-accordion\" > <div  class=\"x-accordion-group\" ><div class=\"x-accordion-heading\"><a id=\"tab-69fddd301a9c6\" class=\"x-accordion-toggle collapsed\" role=\"tab\" data-x-toggle=\"collapse-b\" data-x-toggleable=\"69fddd301a9c6\" data-x-toggle-group=\"Albert Schweitzer\" aria-selected=\"false\" aria-expanded=\"false\" aria-controls=\"panel-69fddd301a9c6\"><i class='x-framework-icon x-shortcode-accordion-icon' data-x-icon-s='&#x2b;' aria-hidden=true><\/i><span>\u00dcberblick<\/span><\/a><\/div><div id=\"panel-69fddd301a9c6\" class=\"x-accordion-body x-collapsed\" role=\"tabpanel\" data-x-toggle-collapse=\"1\" data-x-toggleable=\"69fddd301a9c6\" aria-hidden=\"true\" aria-labelledby=\"tab-69fddd301a9c6\"><div class=\"x-accordion-inner\">\n<div id=\"c6764\" class=\"csc-default\">\n<div class=\"textRight\">\n<blockquote>\n<h5><b>Ich bin Leben, das leben will, inmitten von Leben, das leben will.<br \/>\n<\/b><strong><em>Albert Schweitzer<\/em><\/strong><\/h5>\n<\/blockquote>\n<h5><b>Wer war Albert Schweitzer?\u00a0<\/b><\/h5>\n<p class=\"bodytext\">\u00dcber\u00a0140 Jahre sind vergangen, seit Albert Schweitzer 1875 als Sohn eines evangelischen Pfarrers in Kaysersberg im Ober-Elsass zur Welt kam. Er wurde als gro\u00dfer Theologe, Tropenarzt, Philosoph, Musiker und Friedensnobelpreistr\u00e4ger weltweit bekannt. Was auch immer er tat, es war mit dem Wunsch verbunden, anderen zu helfen und Gutes widerfahren zu lassen. Dar\u00fcber hinaus zeichneten ihn im Besonderen der von ihm gelebte Humanismus, die t\u00e4tige N\u00e4chstenliebe und die tiefe Ehrfurcht vor allem Lebenden aus, die sein gesamtes Denken und Handeln bestimmte. Er folgte seiner Berufung zum Missionsarzt und lebte lange im zentralafrikanischen Gabun. In Lambarene gr\u00fcndete er ein Krankenhaus, um das Elend, das er dort vorfand, zu lindern. Diese Krankenstationen bestehen heute noch.<\/p>\n<p class=\"bodytext\">F\u00fcr sein Engagement gegen atomare R\u00fcstung und Krieg erhielt er am 4. November 1954 den Friedensnobelpreis. Albert Schweitzer war bei seinen verschiedenen Begabungen als Musiker, Arzt und Theologe immer ein Mensch der Tat. Er sagte, was er dachte, und er tat, was er sagte. Seine Glaubw\u00fcrdigkeit ist stark mit dieser \u00dcbereinstimmung von Wort und Tat verbunden.<\/p>\n<blockquote>\n<p class=\"bodytext\"><b>Zum h\u00f6heren Leben geh\u00f6rt, dass von ihm alles andere Leben miterlebt wird.<\/b><\/p>\n<\/blockquote>\n<\/div>\n<div class=\"clearer\"><\/div>\n<\/div>\n<h3><\/h3>\n<p>&nbsp;<\/p>\n<div id=\"c7175\" class=\"csc-default\">\n<h5><b>Wie die Albert-Schweitzer-Kinderd\u00f6rfer zu ihrem Namen kamen<\/b><\/h5>\n<p class=\"bodytext\">Albert Schweitzer \u00fcbernahm noch zu seinen Lebzeiten die Patenschaft f\u00fcr unsere Kinderd\u00f6rfer und ist uns seither Vorbild und Wegbegleiter. Schon 1903 schrieb er an seine sp\u00e4tere Ehefrau Helene Breslau von seinem Herzenswunsch, einmal selbst Waisenkinder aufzunehmen und f\u00fcr sie zu sorgen. Leider erf\u00fcllte sich dieser Wunsch nicht.<\/p>\n<p class=\"bodytext\">Nach seinen Idealen k\u00fcmmern wir uns in unseren Kinderd\u00f6rfern und Familienwerken um Menschen, die unsere Hilfe brauchen. In ganz Deutschland stehen wir Kindern und Jugendlichen, Alten, Kranken und behinderten Menschen zur Seite. Was f\u00fcr unsere Arbeit in Theorie und Praxis eine Rolle spielt, ist das Menschenbild und die Ethik, die Albert Schweitzer gepr\u00e4gt hat.<b> &#8222;Ehrfurcht vor dem Leben&#8220;<\/b> ist der zentrale Begriff den Albert-Schweitzer in diesem Zusammenhang gepr\u00e4gt hat.<\/p>\n<h5><\/h5>\n<h5><\/h5>\n<h5><b>Das bedeutet uns Albert Schweitzer heute<\/b><\/h5>\n<p class=\"bodytext\">Die gro\u00dfe Liebe und Wertsch\u00e4tzung Albert Schweitzers allen Menschen, Tieren und insgesamt der Natur gegen\u00fcber ist die Grundlage unserer Arbeit. Die gegenseitige Achtung, die Wertsch\u00e4tzung eines jeden Individuums sind unsere Ziele, und zusammen mit moderner P\u00e4dagogik f\u00fchrt dies zu einer eigenst\u00e4ndigen Ausrichtung unserer Arbeit. Unabh\u00e4ngig von Konfession, famili\u00e4rem oder kulturellem Hintergrund werden Kinder und Jugendliche hier in ihrer Entwicklung gef\u00f6rdert und unterst\u00fctzt.<\/p>\n<blockquote>\n<p class=\"bodytext\"><b>Alles Leben ist Geheimnis; alles Leben ist Wert&#8230;<\/b><\/p>\n<\/blockquote>\n<\/div>\n<h3><\/h3>\n<p>&nbsp;<\/p>\n<div id=\"c7175\" class=\"csc-default\">\n<h5><b>Das Leben als Hauseltern<\/b><\/h5>\n<p class=\"bodytext\">Die Eltern in Albert-Schweitzer-Kinderd\u00f6rfern geben sich mit ihrer ganzen Person ihrer Aufgabe hin. Sie geben die Trennung von Arbeit und Privatleben weitgehend auf und haben sich daf\u00fcr entschieden, Kinder und Jugendliche, die nicht bei ihren Eltern aufwachsen k\u00f6nnen, zu sich in die Familie aufzunehmen. Denn es gibt kein besseres Zuhause als eine Familie, die den Kindern ein gesundes Vorbild sein und ein Modell f\u00fcr ihren eigenen Lebensentwurf bieten soll. Diese gelebte N\u00e4chstenliebe fordert die Kinderdorfeltern in ihrer ganzen Person. Sowohl fachliche wie auch pers\u00f6nliche, hauswirtschaftliche und handwerkliche F\u00e4higkeiten werden von dem Paar erwartet. Diese Vielseitigkeit findet sich auch im Leben und Wirken Albert Schweitzers, der sich in Lambarene pers\u00f6nlich um alle Belange k\u00fcmmerte, vom Hausbau bis zur Operation.<\/p>\n<h5 class=\"bodytext\"><b>Weitere Infos:<\/b><\/h5>\n<p class=\"bodytext\">Deutsches Albert-Schweitzer-Zentrum: \u00a0\u00a0\u00a0\u00a0\u00a0\u00a0<a class=\"external-link\" title=\"\u00d6ffnet externen Link im aktuellen Fenster\" href=\"https:\/\/web-beta.archive.org\/web\/20161024144342\/http:\/\/www.albert-schweitzer-zentrum.de\/\" target=\"_blank\" rel=\"noopener noreferrer\"> www.albert-schweitzer-zentrum.de<\/a><\/p>\n<p class=\"bodytext\">Intern. Albert Schweitzer Foundation: \u00a0\u00a0\u00a0\u00a0\u00a0\u00a0\u00a0\u00a0<a class=\"external-link\" title=\"\u00d6ffnet externen Link im aktuellen Fenster\" href=\"https:\/\/web-beta.archive.org\/web\/20161024144342\/http:\/\/www.schweitzer.org\/\" target=\"_blank\" rel=\"noopener noreferrer\"> www.schweitzer.org<\/a><\/p>\n<\/div>\n<\/div><\/div><\/div>\n<div  class=\"x-accordion-group\" ><div class=\"x-accordion-heading\"><a id=\"tab-69fddd301a9e1\" class=\"x-accordion-toggle collapsed\" role=\"tab\" data-x-toggle=\"collapse-b\" data-x-toggleable=\"69fddd301a9e1\" data-x-toggle-group=\"Albert Schweitzer\" aria-selected=\"false\" aria-expanded=\"false\" aria-controls=\"panel-69fddd301a9e1\"><i class='x-framework-icon x-shortcode-accordion-icon' data-x-icon-s='&#x2b;' aria-hidden=true><\/i><span>Biographie<\/span><\/a><\/div><div id=\"panel-69fddd301a9e1\" class=\"x-accordion-body x-collapsed\" role=\"tabpanel\" data-x-toggle-collapse=\"1\" data-x-toggleable=\"69fddd301a9e1\" aria-hidden=\"true\" aria-labelledby=\"tab-69fddd301a9e1\"><div class=\"x-accordion-inner\">\n<h5>Lebenslauf<\/h5>\n<p><img loading=\"lazy\" decoding=\"async\" class=\"alignleft size-medium wp-image-446\" src=\"https:\/\/albert-schweitzer.org\/wp-content\/uploads\/2017\/05\/csm_kv_6_2_biographie_16f1868e08-380x512.jpg\" alt=\"\" width=\"380\" height=\"512\" srcset=\"https:\/\/albert-schweitzer.org\/wp-content\/uploads\/2017\/05\/csm_kv_6_2_biographie_16f1868e08-380x512.jpg 380w, https:\/\/albert-schweitzer.org\/wp-content\/uploads\/2017\/05\/csm_kv_6_2_biographie_16f1868e08-100x135.jpg 100w, https:\/\/albert-schweitzer.org\/wp-content\/uploads\/2017\/05\/csm_kv_6_2_biographie_16f1868e08.jpg 520w\" sizes=\"auto, (max-width: 380px) 100vw, 380px\" \/><\/p>\n<ul>\n<li>1875\u00a0\u00a0\u00a0am 14. Januar wird er in Kaysersberg im Oberelsass geboren<\/li>\n<li>1893\u00a0\u00a0\u00a0Studium der Theologie und der Philosophie, dazu Musiktheorie<\/li>\n<li>1898\u00a0\u00a0\u00a01. theologisches Examen, Musikunterricht bei Charles Marie Widor<\/li>\n<li>1899\u00a0\u00a0\u00a0Doktor der Philosophie<\/li>\n<li>1900\u00a0\u00a0\u00a0Doktor der Theologie<\/li>\n<li>1902\u00a0\u00a0\u00a0Professor der Theologie in Stra\u00dfburg<\/li>\n<li>1903\u00a0\u00a0\u00a0Direktor des Stifts St. Thomas<\/li>\n<li>1905\u00a0\u00a0\u00a0Beginn des Medizinstudiums<\/li>\n<li>1912\u00a0\u00a0\u00a0Heirat mit Helene Breslau<\/li>\n<li>1913\u00a0\u00a0\u00a0Doktor der Medizin, Ausreise nach Lambarene<\/li>\n<li>1914\u00a0\u00a0\u00a0Internierung in Lambarene<\/li>\n<li>1915\u00a0\u00a0\u00a0Er findet den Ausdruck &#8222;Ehrfurcht vor dem Leben&#8220;<\/li>\n<li>1918\u00a0\u00a0\u00a0R\u00fcckkehr ins Elsass<\/li>\n<li>1924\u00a0\u00a0\u00a0R\u00fcckkehr nach Lambarene<\/li>\n<li>1928\u00a0\u00a0\u00a0Goethe-Preis der Stadt Frankfurt a. M.<\/li>\n<li>1949\u00a0\u00a0\u00a0Reise nach Amerika<\/li>\n<li>1954\u00a0\u00a0\u00a0Friedensnobelpreis f\u00fcr 1952<\/li>\n<li>1965\u00a0\u00a0\u00a0am 4. September stirbt Albert Schweitzer in Lambarene<\/li>\n<\/ul>\n<p>Detaillierte Angaben sind in der <a href=\"https:\/\/albert-schweitzer-familienwerk.de\/ueber-uns\/albert-schweitzer-lebenslinie\/\">Albert-Schweitzer-Lebenslinie<\/a> zu finden.<br \/>\n<\/div><\/div><\/div>\n<div  class=\"x-accordion-group\" ><div class=\"x-accordion-heading\"><a id=\"tab-69fddd301a9f2\" class=\"x-accordion-toggle collapsed\" role=\"tab\" data-x-toggle=\"collapse-b\" data-x-toggleable=\"69fddd301a9f2\" data-x-toggle-group=\"Albert Schweitzer\" aria-selected=\"false\" aria-expanded=\"false\" aria-controls=\"panel-69fddd301a9f2\"><i class='x-framework-icon x-shortcode-accordion-icon' data-x-icon-s='&#x2b;' aria-hidden=true><\/i><span>Enkelt\u00f6chter<\/span><\/a><\/div><div id=\"panel-69fddd301a9f2\" class=\"x-accordion-body x-collapsed\" role=\"tabpanel\" data-x-toggle-collapse=\"1\" data-x-toggleable=\"69fddd301a9f2\" aria-hidden=\"true\" aria-labelledby=\"tab-69fddd301a9f2\"><div class=\"x-accordion-inner\">\n<p><a href=\"https:\/\/albert-schweitzer.org\/wp-content\/uploads\/2017\/05\/Enkelt\u00f6chter-csm_Monique-Egli-_-Kinderdorfkinder_mit-Balken-und-Schriftzug_39979f2016.jpg\"><img loading=\"lazy\" decoding=\"async\" class=\"aligncenter size-full wp-image-634\" src=\"https:\/\/albert-schweitzer.org\/wp-content\/uploads\/2017\/05\/Enkelt\u00f6chter-csm_Monique-Egli-_-Kinderdorfkinder_mit-Balken-und-Schriftzug_39979f2016.jpg\" alt=\"\" width=\"1136\" height=\"448\" srcset=\"https:\/\/albert-schweitzer.org\/wp-content\/uploads\/2017\/05\/Enkelt\u00f6chter-csm_Monique-Egli-_-Kinderdorfkinder_mit-Balken-und-Schriftzug_39979f2016.jpg 1136w, https:\/\/albert-schweitzer.org\/wp-content\/uploads\/2017\/05\/Enkelt\u00f6chter-csm_Monique-Egli-_-Kinderdorfkinder_mit-Balken-und-Schriftzug_39979f2016-512x202.jpg 512w, https:\/\/albert-schweitzer.org\/wp-content\/uploads\/2017\/05\/Enkelt\u00f6chter-csm_Monique-Egli-_-Kinderdorfkinder_mit-Balken-und-Schriftzug_39979f2016-768x303.jpg 768w, https:\/\/albert-schweitzer.org\/wp-content\/uploads\/2017\/05\/Enkelt\u00f6chter-csm_Monique-Egli-_-Kinderdorfkinder_mit-Balken-und-Schriftzug_39979f2016-1024x404.jpg 1024w, https:\/\/albert-schweitzer.org\/wp-content\/uploads\/2017\/05\/Enkelt\u00f6chter-csm_Monique-Egli-_-Kinderdorfkinder_mit-Balken-und-Schriftzug_39979f2016-100x39.jpg 100w, https:\/\/albert-schweitzer.org\/wp-content\/uploads\/2017\/05\/Enkelt\u00f6chter-csm_Monique-Egli-_-Kinderdorfkinder_mit-Balken-und-Schriftzug_39979f2016-846x334.jpg 846w\" sizes=\"auto, (max-width: 1136px) 100vw, 1136px\" \/><\/a><\/p>\n<p class=\"bodytext\">Der Kontakt, der zu Albert Schweitzer bestand, ist durch seine Tochter Rhena Schweitzer-Miller bis zu ihrem Tode weitergef\u00fchrt worden.<br \/>\nBei Besuchen in den Kinderd\u00f6rfern erz\u00e4hlte sie immer viel aus dem Leben ihres Vaters, das nicht aus B\u00fcchern zu entnehmen ist.<\/p>\n<p class=\"bodytext\">Heute sind es die Enkelinnen Albert Schweitzers, Monique Egli Schweitzer und Christiane Engel, die unsere Arbeit mit ihrem pers\u00f6nlichen Interesse und Engagement bereichern und unterst\u00fctzen. Durch Benefizkonzerte und Lesungen setzten sie sich f\u00fcr das Albert-Schweitzer-Familienwerk Bayern ein.<br \/>\n<a name=\"_GoBack\"><\/a><\/p>\n<p class=\"bodytext\">So halten sie das Andenken an den Menschen Albert Schweitzer mit ihren Erz\u00e4hlungen und Erinnerungen lebendig.<\/p>\n<p class=\"bodytext\"><a href=\"https:\/\/albert-schweitzer.org\/wp-content\/uploads\/2017\/05\/Enkelt\u00f6chter-csm_Christiane-Engels_mit-Balken-und-Schrift_f0340e9882.jpg\"><img loading=\"lazy\" decoding=\"async\" class=\"aligncenter size-full wp-image-635\" src=\"https:\/\/albert-schweitzer.org\/wp-content\/uploads\/2017\/05\/Enkelt\u00f6chter-csm_Christiane-Engels_mit-Balken-und-Schrift_f0340e9882.jpg\" alt=\"\" width=\"1136\" height=\"448\" srcset=\"https:\/\/albert-schweitzer.org\/wp-content\/uploads\/2017\/05\/Enkelt\u00f6chter-csm_Christiane-Engels_mit-Balken-und-Schrift_f0340e9882.jpg 1136w, https:\/\/albert-schweitzer.org\/wp-content\/uploads\/2017\/05\/Enkelt\u00f6chter-csm_Christiane-Engels_mit-Balken-und-Schrift_f0340e9882-512x202.jpg 512w, https:\/\/albert-schweitzer.org\/wp-content\/uploads\/2017\/05\/Enkelt\u00f6chter-csm_Christiane-Engels_mit-Balken-und-Schrift_f0340e9882-768x303.jpg 768w, https:\/\/albert-schweitzer.org\/wp-content\/uploads\/2017\/05\/Enkelt\u00f6chter-csm_Christiane-Engels_mit-Balken-und-Schrift_f0340e9882-1024x404.jpg 1024w, https:\/\/albert-schweitzer.org\/wp-content\/uploads\/2017\/05\/Enkelt\u00f6chter-csm_Christiane-Engels_mit-Balken-und-Schrift_f0340e9882-100x39.jpg 100w, https:\/\/albert-schweitzer.org\/wp-content\/uploads\/2017\/05\/Enkelt\u00f6chter-csm_Christiane-Engels_mit-Balken-und-Schrift_f0340e9882-846x334.jpg 846w\" sizes=\"auto, (max-width: 1136px) 100vw, 1136px\" \/><\/a><\/p>\n<\/div><\/div><\/div>\n<p>&nbsp;<\/p>\n<\/div>\n<p>&nbsp;<br \/>\n<div id=\"x-content-band-1\" class=\"x-content-band\" style=\"background-color: transparent;\"><div class=\"x-container\">\n<\/div><\/div>\n","protected":false},"excerpt":{"rendered":"<p>&nbsp; &nbsp;<\/p>\n","protected":false},"author":2,"featured_media":1026,"parent":0,"menu_order":8,"comment_status":"closed","ping_status":"closed","template":"template-layout-full-width.php","meta":{"footnotes":""},"class_list":["post-432","page","type-page","status-publish","has-post-thumbnail","hentry"],"yoast_head":"<!-- This site is optimized with the Yoast SEO plugin v23.2 - https:\/\/yoast.com\/wordpress\/plugins\/seo\/ -->\n<title>Albert Schweitzer - Albert Schweitzer<\/title>\n<meta name=\"robots\" content=\"noindex, follow, max-snippet:-1, max-image-preview:large, max-video-preview:-1\" \/>\n<meta name=\"twitter:label1\" content=\"Gesch\u00e4tzte Lesezeit\" \/>\n\t<meta name=\"twitter:data1\" content=\"5\u00a0Minuten\" \/>\n<script type=\"application\/ld+json\" class=\"yoast-schema-graph\">{\"@context\":\"https:\/\/schema.org\",\"@graph\":[{\"@type\":\"WebPage\",\"@id\":\"https:\/\/albert-schweitzer.org\/index.php\/albert-schweitzer\/\",\"url\":\"https:\/\/albert-schweitzer.org\/index.php\/albert-schweitzer\/\",\"name\":\"Albert Schweitzer - Albert Schweitzer\",\"isPartOf\":{\"@id\":\"https:\/\/vor2024.albert-schweitzer.org\/#website\"},\"primaryImageOfPage\":{\"@id\":\"https:\/\/albert-schweitzer.org\/index.php\/albert-schweitzer\/#primaryimage\"},\"image\":{\"@id\":\"https:\/\/albert-schweitzer.org\/index.php\/albert-schweitzer\/#primaryimage\"},\"thumbnailUrl\":\"https:\/\/albert-schweitzer.org\/wp-content\/uploads\/2017\/05\/Bundesarchiv_Bild_183-D0116-0041-019_Albert_Schweitzer.png\",\"datePublished\":\"2017-05-04T14:51:26+00:00\",\"dateModified\":\"2022-11-28T09:32:34+00:00\",\"breadcrumb\":{\"@id\":\"https:\/\/albert-schweitzer.org\/index.php\/albert-schweitzer\/#breadcrumb\"},\"inLanguage\":\"de\",\"potentialAction\":[{\"@type\":\"ReadAction\",\"target\":[\"https:\/\/albert-schweitzer.org\/index.php\/albert-schweitzer\/\"]}]},{\"@type\":\"ImageObject\",\"inLanguage\":\"de\",\"@id\":\"https:\/\/albert-schweitzer.org\/index.php\/albert-schweitzer\/#primaryimage\",\"url\":\"https:\/\/albert-schweitzer.org\/wp-content\/uploads\/2017\/05\/Bundesarchiv_Bild_183-D0116-0041-019_Albert_Schweitzer.png\",\"contentUrl\":\"https:\/\/albert-schweitzer.org\/wp-content\/uploads\/2017\/05\/Bundesarchiv_Bild_183-D0116-0041-019_Albert_Schweitzer.png\",\"width\":2400,\"height\":800},{\"@type\":\"BreadcrumbList\",\"@id\":\"https:\/\/albert-schweitzer.org\/index.php\/albert-schweitzer\/#breadcrumb\",\"itemListElement\":[{\"@type\":\"ListItem\",\"position\":1,\"name\":\"Startseite\",\"item\":\"https:\/\/albert-schweitzer.org\/\"},{\"@type\":\"ListItem\",\"position\":2,\"name\":\"Albert Schweitzer\"}]},{\"@type\":\"WebSite\",\"@id\":\"https:\/\/vor2024.albert-schweitzer.org\/#website\",\"url\":\"https:\/\/vor2024.albert-schweitzer.org\/\",\"name\":\"Albert-Schweitzer-Familienwerk Bayern e.V.\",\"description\":\"Familienwerk Bayern\",\"publisher\":{\"@id\":\"https:\/\/vor2024.albert-schweitzer.org\/#organization\"},\"potentialAction\":[{\"@type\":\"SearchAction\",\"target\":{\"@type\":\"EntryPoint\",\"urlTemplate\":\"https:\/\/vor2024.albert-schweitzer.org\/?s={search_term_string}\"},\"query-input\":\"required name=search_term_string\"}],\"inLanguage\":\"de\"},{\"@type\":\"Organization\",\"@id\":\"https:\/\/vor2024.albert-schweitzer.org\/#organization\",\"name\":\"Albert-Schweitzer-Familienwerk Bayern e.V.\",\"url\":\"https:\/\/vor2024.albert-schweitzer.org\/\",\"logo\":{\"@type\":\"ImageObject\",\"inLanguage\":\"de\",\"@id\":\"https:\/\/vor2024.albert-schweitzer.org\/#\/schema\/logo\/image\/\",\"url\":\"https:\/\/albert-schweitzer.org\/wp-content\/uploads\/2017\/05\/Neues-Logo-2017-03-31-12_27_52-Albert-Schweitzer-Familienwerk-Bayern_-Hilfe-f\u00fcr-Kinder_V07.jpg\",\"contentUrl\":\"https:\/\/albert-schweitzer.org\/wp-content\/uploads\/2017\/05\/Neues-Logo-2017-03-31-12_27_52-Albert-Schweitzer-Familienwerk-Bayern_-Hilfe-f\u00fcr-Kinder_V07.jpg\",\"width\":307,\"height\":87,\"caption\":\"Albert-Schweitzer-Familienwerk Bayern e.V.\"},\"image\":{\"@id\":\"https:\/\/vor2024.albert-schweitzer.org\/#\/schema\/logo\/image\/\"},\"sameAs\":[\"https:\/\/www.facebook.com\/albert.schweitzer.familienwerk.bayern\/\",\"https:\/\/www.youtube.com\/channel\/UCVsoq3VgkNdLrfYvRvcSFTA\"]}]}<\/script>\n<!-- \/ Yoast SEO plugin. -->","yoast_head_json":{"title":"Albert Schweitzer - Albert Schweitzer","robots":{"index":"noindex","follow":"follow","max-snippet":"max-snippet:-1","max-image-preview":"max-image-preview:large","max-video-preview":"max-video-preview:-1"},"twitter_misc":{"Gesch\u00e4tzte Lesezeit":"5\u00a0Minuten"},"schema":{"@context":"https:\/\/schema.org","@graph":[{"@type":"WebPage","@id":"https:\/\/albert-schweitzer.org\/index.php\/albert-schweitzer\/","url":"https:\/\/albert-schweitzer.org\/index.php\/albert-schweitzer\/","name":"Albert Schweitzer - Albert Schweitzer","isPartOf":{"@id":"https:\/\/vor2024.albert-schweitzer.org\/#website"},"primaryImageOfPage":{"@id":"https:\/\/albert-schweitzer.org\/index.php\/albert-schweitzer\/#primaryimage"},"image":{"@id":"https:\/\/albert-schweitzer.org\/index.php\/albert-schweitzer\/#primaryimage"},"thumbnailUrl":"https:\/\/albert-schweitzer.org\/wp-content\/uploads\/2017\/05\/Bundesarchiv_Bild_183-D0116-0041-019_Albert_Schweitzer.png","datePublished":"2017-05-04T14:51:26+00:00","dateModified":"2022-11-28T09:32:34+00:00","breadcrumb":{"@id":"https:\/\/albert-schweitzer.org\/index.php\/albert-schweitzer\/#breadcrumb"},"inLanguage":"de","potentialAction":[{"@type":"ReadAction","target":["https:\/\/albert-schweitzer.org\/index.php\/albert-schweitzer\/"]}]},{"@type":"ImageObject","inLanguage":"de","@id":"https:\/\/albert-schweitzer.org\/index.php\/albert-schweitzer\/#primaryimage","url":"https:\/\/albert-schweitzer.org\/wp-content\/uploads\/2017\/05\/Bundesarchiv_Bild_183-D0116-0041-019_Albert_Schweitzer.png","contentUrl":"https:\/\/albert-schweitzer.org\/wp-content\/uploads\/2017\/05\/Bundesarchiv_Bild_183-D0116-0041-019_Albert_Schweitzer.png","width":2400,"height":800},{"@type":"BreadcrumbList","@id":"https:\/\/albert-schweitzer.org\/index.php\/albert-schweitzer\/#breadcrumb","itemListElement":[{"@type":"ListItem","position":1,"name":"Startseite","item":"https:\/\/albert-schweitzer.org\/"},{"@type":"ListItem","position":2,"name":"Albert Schweitzer"}]},{"@type":"WebSite","@id":"https:\/\/vor2024.albert-schweitzer.org\/#website","url":"https:\/\/vor2024.albert-schweitzer.org\/","name":"Albert-Schweitzer-Familienwerk Bayern e.V.","description":"Familienwerk Bayern","publisher":{"@id":"https:\/\/vor2024.albert-schweitzer.org\/#organization"},"potentialAction":[{"@type":"SearchAction","target":{"@type":"EntryPoint","urlTemplate":"https:\/\/vor2024.albert-schweitzer.org\/?s={search_term_string}"},"query-input":"required name=search_term_string"}],"inLanguage":"de"},{"@type":"Organization","@id":"https:\/\/vor2024.albert-schweitzer.org\/#organization","name":"Albert-Schweitzer-Familienwerk Bayern e.V.","url":"https:\/\/vor2024.albert-schweitzer.org\/","logo":{"@type":"ImageObject","inLanguage":"de","@id":"https:\/\/vor2024.albert-schweitzer.org\/#\/schema\/logo\/image\/","url":"https:\/\/albert-schweitzer.org\/wp-content\/uploads\/2017\/05\/Neues-Logo-2017-03-31-12_27_52-Albert-Schweitzer-Familienwerk-Bayern_-Hilfe-f\u00fcr-Kinder_V07.jpg","contentUrl":"https:\/\/albert-schweitzer.org\/wp-content\/uploads\/2017\/05\/Neues-Logo-2017-03-31-12_27_52-Albert-Schweitzer-Familienwerk-Bayern_-Hilfe-f\u00fcr-Kinder_V07.jpg","width":307,"height":87,"caption":"Albert-Schweitzer-Familienwerk Bayern e.V."},"image":{"@id":"https:\/\/vor2024.albert-schweitzer.org\/#\/schema\/logo\/image\/"},"sameAs":["https:\/\/www.facebook.com\/albert.schweitzer.familienwerk.bayern\/","https:\/\/www.youtube.com\/channel\/UCVsoq3VgkNdLrfYvRvcSFTA"]}]}},"_links":{"self":[{"href":"https:\/\/vor2024.albert-schweitzer.org\/index.php\/wp-json\/wp\/v2\/pages\/432","targetHints":{"allow":["GET"]}}],"collection":[{"href":"https:\/\/vor2024.albert-schweitzer.org\/index.php\/wp-json\/wp\/v2\/pages"}],"about":[{"href":"https:\/\/vor2024.albert-schweitzer.org\/index.php\/wp-json\/wp\/v2\/types\/page"}],"author":[{"embeddable":true,"href":"https:\/\/vor2024.albert-schweitzer.org\/index.php\/wp-json\/wp\/v2\/users\/2"}],"replies":[{"embeddable":true,"href":"https:\/\/vor2024.albert-schweitzer.org\/index.php\/wp-json\/wp\/v2\/comments?post=432"}],"version-history":[{"count":10,"href":"https:\/\/vor2024.albert-schweitzer.org\/index.php\/wp-json\/wp\/v2\/pages\/432\/revisions"}],"predecessor-version":[{"id":4059,"href":"https:\/\/vor2024.albert-schweitzer.org\/index.php\/wp-json\/wp\/v2\/pages\/432\/revisions\/4059"}],"wp:featuredmedia":[{"embeddable":true,"href":"https:\/\/vor2024.albert-schweitzer.org\/index.php\/wp-json\/wp\/v2\/media\/1026"}],"wp:attachment":[{"href":"https:\/\/vor2024.albert-schweitzer.org\/index.php\/wp-json\/wp\/v2\/media?parent=432"}],"curies":[{"name":"wp","href":"https:\/\/api.w.org\/{rel}","templated":true}]}}