{"id":347,"date":"2017-04-28T15:03:35","date_gmt":"2017-04-28T13:03:35","guid":{"rendered":"https:\/\/albert-schweitzer.org\/?page_id=347"},"modified":"2022-01-14T12:02:52","modified_gmt":"2022-01-14T11:02:52","slug":"publikationen","status":"publish","type":"page","link":"https:\/\/vor2024.albert-schweitzer.org\/index.php\/publikationen\/","title":{"rendered":"Publikationen"},"content":{"rendered":"<p>Im Folgenden finden sie diverse Publikationen des Albert-Schweitzer-Familienwerks Bayern e.V.<\/p>\n<ul>\n<li><a href=\"https:\/\/albert-schweitzer.org\/wp-content\/uploads\/2017\/04\/Folder_allgemein_02-16_lowres.pdf\" target=\"_blank\" rel=\"noopener noreferrer\">Flyer Albert-Schweitzer-Familienwerk Bayern e.V<\/a><\/li>\n<li><a href=\"https:\/\/albert-schweitzer.org\/wp-content\/uploads\/2017\/04\/1.Folder_Sternschnuppenkrippe.pdf\" target=\"_blank\" rel=\"noopener noreferrer\">Flyer Albert-Schweitzer-Kinderkrippe R\u00fcckersdorf\/Sternstundenkrippe<\/a><\/li>\n<li><a href=\"https:\/\/albert-schweitzer.org\/wp-content\/uploads\/2017\/04\/Folder_Waldkindergarten_Lenggries_KAZ__2_.pdf\" target=\"_blank\" rel=\"noopener noreferrer\">Flyer Albert-Schweitzer-Waldkindergarten Lenggries<\/a><\/li>\n<li><a href=\"https:\/\/albert-schweitzer.org\/wp-content\/uploads\/2018\/01\/Folder-Waldkindergarten-Bad-T\u00f6lz.pdf\" target=\"_blank\" rel=\"noopener noreferrer\">Flyer Albert-Schweitzer-Waldkindergarten Bad T\u00f6lz<\/a><\/li>\n<li><a href=\"https:\/\/albert-schweitzer.org\/wp-content\/uploads\/2019\/04\/Folder-Waldkindergarten-Penzberg_KAZ3.pdf\" target=\"_blank\" rel=\"noopener noreferrer\">Flyer Albert-Schweitzer-Waldkindergarten Penzberg<\/a><\/li>\n<li><a href=\"https:\/\/albert-schweitzer.org\/wp-content\/uploads\/2017\/04\/Folder_Sternstundenhaus_KAZ.compressed.pdf\" target=\"_blank\" rel=\"noopener noreferrer\">Flyer Albert-Schweitzer-Sternstundenhaus<\/a><\/li>\n<li><a href=\"https:\/\/albert-schweitzer.org\/wp-content\/uploads\/2017\/04\/Folder_GTZ_Gymnasium_Hoesbach_KAZ2.pdf\" target=\"_blank\" rel=\"noopener noreferrer\">Flyer OGS Gymnasium H\u00f6sbach<\/a><\/li>\n<li><a href=\"https:\/\/albert-schweitzer.org\/wp-content\/uploads\/2017\/04\/Folder_GTZ_Gymnasium_Hoesbach_KAZ2.pdf\" target=\"_blank\" rel=\"noopener noreferrer\">Flyer GTZ Gymnasium H\u00f6sbach<\/a><\/li>\n<li><a href=\"https:\/\/albert-schweitzer.org\/wp-content\/uploads\/2017\/04\/Folder_OGS_Edith-Stein-Schule_Alzenau_RZ.pdf\" target=\"_blank\" rel=\"noopener noreferrer\">Flyer OGS Edith-Stein-Schule Alzenau<\/a><\/li>\n<li><a href=\"https:\/\/albert-schweitzer.org\/wp-content\/uploads\/2017\/04\/Folder_OGS_Realschule_Bessenbach.pdf\" target=\"_blank\" rel=\"noopener noreferrer\">Flyer OGS Realschule Bessenbach<\/a><\/li>\n<li><a href=\"https:\/\/albert-schweitzer.org\/wp-content\/uploads\/2017\/04\/Folder_OGS_Realschule_Hoesbach.pdf\" target=\"_blank\" rel=\"noopener noreferrer\">Flyer OGS Realschule H\u00f6sbach<\/a><\/li>\n<li><a href=\"https:\/\/albert-schweitzer.org\/wp-content\/uploads\/2017\/04\/Folder_OGS_Spessart-Gymnasium_Alzenau_KAZ.pdf\" target=\"_blank\" rel=\"noopener noreferrer\">Flyer OGS Spessart-Gymnasium Alzenau<\/a><\/li>\n<li><a href=\"https:\/\/albert-schweitzer.org\/wp-content\/uploads\/2017\/10\/Folder-OGS-Mittelschule-Laufach_KAZ.pdf\" target=\"_blank\" rel=\"noopener noreferrer\">Flyer OGS Mittelschule Laufach<\/a><\/li>\n<li><a href=\"https:\/\/albert-schweitzer.org\/wp-content\/uploads\/2017\/04\/Folder_OGS_Gymnasium_Bad_Toelz_KAZ.pdf\" target=\"_blank\" rel=\"noopener noreferrer\">Flyer OGS Gymnaisum Bad T\u00f6lz<\/a><\/li>\n<li><a href=\"https:\/\/albert-schweitzer.org\/wp-content\/uploads\/2017\/10\/Folder-OGS-Mittelschule-H\u00f6sbach_KAZ3.pdf\" target=\"_blank\" rel=\"noopener noreferrer\">Flyer OGS Mittelschule H\u00f6sbach<\/a><\/li>\n<li><a href=\"https:\/\/albert-schweitzer.org\/wp-content\/uploads\/2019\/01\/Hahnenkamm-Schule-Alzenau-Folder.pdf\" target=\"_blank\" rel=\"noopener noreferrer\">Flyer\u00a0OGS Hahnenkammschule Alzenau<\/a><\/li>\n<li><a href=\"https:\/\/albert-schweitzer.org\/wp-content\/uploads\/2019\/04\/Flyer-Kindergarten-Maxfeld-Minis.pdf\" target=\"_blank\" rel=\"noopener noreferrer\">Flyer Kindergarten Maxfeld-Minis<\/a><\/li>\n<\/ul>\n<h5>Publikationen f\u00fcr Fachkr\u00e4fte<\/h5>\n<ul>\n<li><a href=\"https:\/\/albert-schweitzer.org\/wp-content\/uploads\/2017\/04\/AS_Flyer_Familie_als_Beruf.pdf\" target=\"_blank\" rel=\"noopener noreferrer\">Flyer f\u00fcr Fachkr\u00e4fte &#8222;Familie als Beruf&#8220;<\/a><\/li>\n<li><a href=\"https:\/\/albert-schweitzer.org\/wp-content\/uploads\/2017\/04\/Fachkraefte_Broschuere_Familie_als_Beruf.pdf\" target=\"_blank\" rel=\"noopener noreferrer\">Brosch\u00fcre f\u00fcr Fachkr\u00e4fte &#8222;Familie als Beruf&#8220;<\/a><\/li>\n<\/ul>\n<h5>Weitere Publikationen<\/h5>\n<ul>\n<li><a href=\"https:\/\/albert-schweitzer.org\/wp-content\/uploads\/2017\/04\/AS_Broschuere_Mit_Herz___Verstand_vererben.pdf\" target=\"_blank\" rel=\"noopener noreferrer\">Brosch\u00fcre &#8222;Mit Herz und Verstand vererben&#8220;<\/a><\/li>\n<li><a href=\"https:\/\/albert-schweitzer-verband.de\/informieren\/kinderland\/\">Freundesbrief Kinderland<\/a><\/li>\n<\/ul>\n","protected":false},"excerpt":{"rendered":"<p>Im Folgenden finden sie diverse Publikationen des Albert-Schweitzer-Familienwerks Bayern e.V. &#8230; <a href=\"https:\/\/vor2024.albert-schweitzer.org\/index.php\/publikationen\/\" class=\"more-link\">Read More<\/a><\/p>\n","protected":false},"author":2,"featured_media":625,"parent":0,"menu_order":24,"comment_status":"closed","ping_status":"closed","template":"template-layout-full-width.php","meta":{"footnotes":""},"class_list":["post-347","page","type-page","status-publish","has-post-thumbnail","hentry"],"yoast_head":"<!-- This site is optimized with the Yoast SEO plugin v23.2 - https:\/\/yoast.com\/wordpress\/plugins\/seo\/ -->\n<title>Publikationen - Albert Schweitzer<\/title>\n<meta name=\"robots\" content=\"noindex, follow, max-snippet:-1, max-image-preview:large, max-video-preview:-1\" \/>\n<meta name=\"twitter:label1\" content=\"Gesch\u00e4tzte Lesezeit\" \/>\n\t<meta name=\"twitter:data1\" content=\"1\u00a0Minute\" \/>\n<script type=\"application\/ld+json\" class=\"yoast-schema-graph\">{\"@context\":\"https:\/\/schema.org\",\"@graph\":[{\"@type\":\"WebPage\",\"@id\":\"https:\/\/albert-schweitzer.org\/index.php\/publikationen\/\",\"url\":\"https:\/\/albert-schweitzer.org\/index.php\/publikationen\/\",\"name\":\"Publikationen - Albert Schweitzer\",\"isPartOf\":{\"@id\":\"https:\/\/vor2024.albert-schweitzer.org\/#website\"},\"primaryImageOfPage\":{\"@id\":\"https:\/\/albert-schweitzer.org\/index.php\/publikationen\/#primaryimage\"},\"image\":{\"@id\":\"https:\/\/albert-schweitzer.org\/index.php\/publikationen\/#primaryimage\"},\"thumbnailUrl\":\"https:\/\/albert-schweitzer.org\/wp-content\/uploads\/2017\/04\/Unsere-Stiftung-csm_Sternstundenhaus-15web_ce835c94e8-e1497615000888.jpg\",\"datePublished\":\"2017-04-28T13:03:35+00:00\",\"dateModified\":\"2022-01-14T11:02:52+00:00\",\"breadcrumb\":{\"@id\":\"https:\/\/albert-schweitzer.org\/index.php\/publikationen\/#breadcrumb\"},\"inLanguage\":\"de\",\"potentialAction\":[{\"@type\":\"ReadAction\",\"target\":[\"https:\/\/albert-schweitzer.org\/index.php\/publikationen\/\"]}]},{\"@type\":\"ImageObject\",\"inLanguage\":\"de\",\"@id\":\"https:\/\/albert-schweitzer.org\/index.php\/publikationen\/#primaryimage\",\"url\":\"https:\/\/albert-schweitzer.org\/wp-content\/uploads\/2017\/04\/Unsere-Stiftung-csm_Sternstundenhaus-15web_ce835c94e8-e1497615000888.jpg\",\"contentUrl\":\"https:\/\/albert-schweitzer.org\/wp-content\/uploads\/2017\/04\/Unsere-Stiftung-csm_Sternstundenhaus-15web_ce835c94e8-e1497615000888.jpg\",\"width\":1136,\"height\":380},{\"@type\":\"BreadcrumbList\",\"@id\":\"https:\/\/albert-schweitzer.org\/index.php\/publikationen\/#breadcrumb\",\"itemListElement\":[{\"@type\":\"ListItem\",\"position\":1,\"name\":\"Startseite\",\"item\":\"https:\/\/albert-schweitzer.org\/\"},{\"@type\":\"ListItem\",\"position\":2,\"name\":\"Publikationen\"}]},{\"@type\":\"WebSite\",\"@id\":\"https:\/\/vor2024.albert-schweitzer.org\/#website\",\"url\":\"https:\/\/vor2024.albert-schweitzer.org\/\",\"name\":\"Albert-Schweitzer-Familienwerk Bayern e.V.\",\"description\":\"Familienwerk Bayern\",\"publisher\":{\"@id\":\"https:\/\/vor2024.albert-schweitzer.org\/#organization\"},\"potentialAction\":[{\"@type\":\"SearchAction\",\"target\":{\"@type\":\"EntryPoint\",\"urlTemplate\":\"https:\/\/vor2024.albert-schweitzer.org\/?s={search_term_string}\"},\"query-input\":\"required name=search_term_string\"}],\"inLanguage\":\"de\"},{\"@type\":\"Organization\",\"@id\":\"https:\/\/vor2024.albert-schweitzer.org\/#organization\",\"name\":\"Albert-Schweitzer-Familienwerk Bayern e.V.\",\"url\":\"https:\/\/vor2024.albert-schweitzer.org\/\",\"logo\":{\"@type\":\"ImageObject\",\"inLanguage\":\"de\",\"@id\":\"https:\/\/vor2024.albert-schweitzer.org\/#\/schema\/logo\/image\/\",\"url\":\"https:\/\/albert-schweitzer.org\/wp-content\/uploads\/2017\/05\/Neues-Logo-2017-03-31-12_27_52-Albert-Schweitzer-Familienwerk-Bayern_-Hilfe-f\u00fcr-Kinder_V07.jpg\",\"contentUrl\":\"https:\/\/albert-schweitzer.org\/wp-content\/uploads\/2017\/05\/Neues-Logo-2017-03-31-12_27_52-Albert-Schweitzer-Familienwerk-Bayern_-Hilfe-f\u00fcr-Kinder_V07.jpg\",\"width\":307,\"height\":87,\"caption\":\"Albert-Schweitzer-Familienwerk Bayern e.V.\"},\"image\":{\"@id\":\"https:\/\/vor2024.albert-schweitzer.org\/#\/schema\/logo\/image\/\"},\"sameAs\":[\"https:\/\/www.facebook.com\/albert.schweitzer.familienwerk.bayern\/\",\"https:\/\/www.youtube.com\/channel\/UCVsoq3VgkNdLrfYvRvcSFTA\"]}]}<\/script>\n<!-- \/ Yoast SEO plugin. -->","yoast_head_json":{"title":"Publikationen - Albert Schweitzer","robots":{"index":"noindex","follow":"follow","max-snippet":"max-snippet:-1","max-image-preview":"max-image-preview:large","max-video-preview":"max-video-preview:-1"},"twitter_misc":{"Gesch\u00e4tzte Lesezeit":"1\u00a0Minute"},"schema":{"@context":"https:\/\/schema.org","@graph":[{"@type":"WebPage","@id":"https:\/\/albert-schweitzer.org\/index.php\/publikationen\/","url":"https:\/\/albert-schweitzer.org\/index.php\/publikationen\/","name":"Publikationen - Albert Schweitzer","isPartOf":{"@id":"https:\/\/vor2024.albert-schweitzer.org\/#website"},"primaryImageOfPage":{"@id":"https:\/\/albert-schweitzer.org\/index.php\/publikationen\/#primaryimage"},"image":{"@id":"https:\/\/albert-schweitzer.org\/index.php\/publikationen\/#primaryimage"},"thumbnailUrl":"https:\/\/albert-schweitzer.org\/wp-content\/uploads\/2017\/04\/Unsere-Stiftung-csm_Sternstundenhaus-15web_ce835c94e8-e1497615000888.jpg","datePublished":"2017-04-28T13:03:35+00:00","dateModified":"2022-01-14T11:02:52+00:00","breadcrumb":{"@id":"https:\/\/albert-schweitzer.org\/index.php\/publikationen\/#breadcrumb"},"inLanguage":"de","potentialAction":[{"@type":"ReadAction","target":["https:\/\/albert-schweitzer.org\/index.php\/publikationen\/"]}]},{"@type":"ImageObject","inLanguage":"de","@id":"https:\/\/albert-schweitzer.org\/index.php\/publikationen\/#primaryimage","url":"https:\/\/albert-schweitzer.org\/wp-content\/uploads\/2017\/04\/Unsere-Stiftung-csm_Sternstundenhaus-15web_ce835c94e8-e1497615000888.jpg","contentUrl":"https:\/\/albert-schweitzer.org\/wp-content\/uploads\/2017\/04\/Unsere-Stiftung-csm_Sternstundenhaus-15web_ce835c94e8-e1497615000888.jpg","width":1136,"height":380},{"@type":"BreadcrumbList","@id":"https:\/\/albert-schweitzer.org\/index.php\/publikationen\/#breadcrumb","itemListElement":[{"@type":"ListItem","position":1,"name":"Startseite","item":"https:\/\/albert-schweitzer.org\/"},{"@type":"ListItem","position":2,"name":"Publikationen"}]},{"@type":"WebSite","@id":"https:\/\/vor2024.albert-schweitzer.org\/#website","url":"https:\/\/vor2024.albert-schweitzer.org\/","name":"Albert-Schweitzer-Familienwerk Bayern e.V.","description":"Familienwerk Bayern","publisher":{"@id":"https:\/\/vor2024.albert-schweitzer.org\/#organization"},"potentialAction":[{"@type":"SearchAction","target":{"@type":"EntryPoint","urlTemplate":"https:\/\/vor2024.albert-schweitzer.org\/?s={search_term_string}"},"query-input":"required name=search_term_string"}],"inLanguage":"de"},{"@type":"Organization","@id":"https:\/\/vor2024.albert-schweitzer.org\/#organization","name":"Albert-Schweitzer-Familienwerk Bayern e.V.","url":"https:\/\/vor2024.albert-schweitzer.org\/","logo":{"@type":"ImageObject","inLanguage":"de","@id":"https:\/\/vor2024.albert-schweitzer.org\/#\/schema\/logo\/image\/","url":"https:\/\/albert-schweitzer.org\/wp-content\/uploads\/2017\/05\/Neues-Logo-2017-03-31-12_27_52-Albert-Schweitzer-Familienwerk-Bayern_-Hilfe-f\u00fcr-Kinder_V07.jpg","contentUrl":"https:\/\/albert-schweitzer.org\/wp-content\/uploads\/2017\/05\/Neues-Logo-2017-03-31-12_27_52-Albert-Schweitzer-Familienwerk-Bayern_-Hilfe-f\u00fcr-Kinder_V07.jpg","width":307,"height":87,"caption":"Albert-Schweitzer-Familienwerk Bayern e.V."},"image":{"@id":"https:\/\/vor2024.albert-schweitzer.org\/#\/schema\/logo\/image\/"},"sameAs":["https:\/\/www.facebook.com\/albert.schweitzer.familienwerk.bayern\/","https:\/\/www.youtube.com\/channel\/UCVsoq3VgkNdLrfYvRvcSFTA"]}]}},"_links":{"self":[{"href":"https:\/\/vor2024.albert-schweitzer.org\/index.php\/wp-json\/wp\/v2\/pages\/347","targetHints":{"allow":["GET"]}}],"collection":[{"href":"https:\/\/vor2024.albert-schweitzer.org\/index.php\/wp-json\/wp\/v2\/pages"}],"about":[{"href":"https:\/\/vor2024.albert-schweitzer.org\/index.php\/wp-json\/wp\/v2\/types\/page"}],"author":[{"embeddable":true,"href":"https:\/\/vor2024.albert-schweitzer.org\/index.php\/wp-json\/wp\/v2\/users\/2"}],"replies":[{"embeddable":true,"href":"https:\/\/vor2024.albert-schweitzer.org\/index.php\/wp-json\/wp\/v2\/comments?post=347"}],"version-history":[{"count":11,"href":"https:\/\/vor2024.albert-schweitzer.org\/index.php\/wp-json\/wp\/v2\/pages\/347\/revisions"}],"predecessor-version":[{"id":3674,"href":"https:\/\/vor2024.albert-schweitzer.org\/index.php\/wp-json\/wp\/v2\/pages\/347\/revisions\/3674"}],"wp:featuredmedia":[{"embeddable":true,"href":"https:\/\/vor2024.albert-schweitzer.org\/index.php\/wp-json\/wp\/v2\/media\/625"}],"wp:attachment":[{"href":"https:\/\/vor2024.albert-schweitzer.org\/index.php\/wp-json\/wp\/v2\/media?parent=347"}],"curies":[{"name":"wp","href":"https:\/\/api.w.org\/{rel}","templated":true}]}}