{"id":20,"date":"2017-04-18T17:54:38","date_gmt":"2017-04-18T15:54:38","guid":{"rendered":"https:\/\/albert-schweitzer.org\/?page_id=20"},"modified":"2024-05-14T10:43:57","modified_gmt":"2024-05-14T08:43:57","slug":"impressum","status":"publish","type":"page","link":"https:\/\/vor2024.albert-schweitzer.org\/index.php\/impressum\/","title":{"rendered":"Impressum"},"content":{"rendered":"<p class=\"bodytext\"><b>Gesetzliche Hinweise und ladungsf\u00e4hige Adresse<\/b><\/p>\n<p class=\"bodytext\">Albert-Schweitzer-Familienwerk Bayern e.V.<\/p>\n<p class=\"bodytext\">Gesch\u00e4ftsstelle K\u00f6nigsdorf<br \/>\nWolfsgrube 6a<br \/>\n82549 K\u00f6nigsdorf<br \/>\nTel.: 08046\/18752-0<br \/>\nFax: 08046\/18752-25<br \/>\n<a href=\"mailto:bayern@albert-schweitzer.org\">E-Mail<\/a><a class=\"external-link-new-window\" title=\"\u00d6ffnet externen Link in neuem Fenster\" href=\"http:\/\/www.albert-schweitzer.org\/startseite\/\" target=\"_blank\" rel=\"noopener\"><br \/>\nhttp:\/\/www.albert-schweitzer.org\/startseite\/<\/a><\/p>\n<p class=\"bodytext\"><b>Bankverbindung<\/b><\/p>\n<p class=\"bodytext\">Raiffeisenbank Beuerberg-Eurasburg eG<\/p>\n<p class=\"bodytext\">Konto-Nr. 839 000<br \/>\nBLZ 701 69 333<\/p>\n<p class=\"bodytext\">IBAN: DE76 7016 9333 0000 8390 00, BIC: GENODEF1EUR, Gl\u00e4ubiger ID: DE70ZZZ00000452669<\/p>\n<p class=\"bodytext\"><b>Rechtliche Angaben<\/b><\/p>\n<p class=\"bodytext\">Vertretungsberechtigt: Heiner Koch (Gesch\u00e4ftsf\u00fchrender Vorstand) Vereinsregister des Amtsgerichts M\u00fcnchen<br \/>\nVR 100787<\/p>\n<p class=\"bodytext\"><b>Inhaltlich Verantwortlicher gem\u00e4\u00df Digitale-Dienste-Gesetz (DDG)<\/b><\/p>\n<p class=\"bodytext\">Heiner Koch (Vorsitzender)<a href=\"mailto:bayern@albert-schweitzer.org\"><br \/>\n<\/a><a href=\"mailto:bayern@albert-schweitzer.org\">bayern@albert-schweitzer.org<\/a><\/p>\n","protected":false},"excerpt":{"rendered":"<p>Gesetzliche Hinweise und ladungsf\u00e4hige Adresse Albert-Schweitzer-Familienwerk Bayern e.V. Gesch\u00e4ftsstelle K\u00f6nigsdorf &#8230; <a href=\"https:\/\/vor2024.albert-schweitzer.org\/index.php\/impressum\/\" class=\"more-link\">Read More<\/a><\/p>\n","protected":false},"author":2,"featured_media":0,"parent":0,"menu_order":34,"comment_status":"closed","ping_status":"closed","template":"","meta":{"footnotes":""},"class_list":["post-20","page","type-page","status-publish","hentry","no-post-thumbnail"],"yoast_head":"<!-- This site is optimized with the Yoast SEO plugin v23.2 - https:\/\/yoast.com\/wordpress\/plugins\/seo\/ -->\n<title>Impressum - Albert Schweitzer<\/title>\n<meta name=\"robots\" content=\"noindex, follow, max-snippet:-1, max-image-preview:large, max-video-preview:-1\" \/>\n<meta name=\"twitter:label1\" content=\"Gesch\u00e4tzte Lesezeit\" \/>\n\t<meta name=\"twitter:data1\" content=\"1\u00a0Minute\" \/>\n<script type=\"application\/ld+json\" class=\"yoast-schema-graph\">{\"@context\":\"https:\/\/schema.org\",\"@graph\":[{\"@type\":\"WebPage\",\"@id\":\"https:\/\/albert-schweitzer.org\/index.php\/impressum\/\",\"url\":\"https:\/\/albert-schweitzer.org\/index.php\/impressum\/\",\"name\":\"Impressum - Albert Schweitzer\",\"isPartOf\":{\"@id\":\"https:\/\/vor2024.albert-schweitzer.org\/#website\"},\"datePublished\":\"2017-04-18T15:54:38+00:00\",\"dateModified\":\"2024-05-14T08:43:57+00:00\",\"breadcrumb\":{\"@id\":\"https:\/\/albert-schweitzer.org\/index.php\/impressum\/#breadcrumb\"},\"inLanguage\":\"de\",\"potentialAction\":[{\"@type\":\"ReadAction\",\"target\":[\"https:\/\/albert-schweitzer.org\/index.php\/impressum\/\"]}]},{\"@type\":\"BreadcrumbList\",\"@id\":\"https:\/\/albert-schweitzer.org\/index.php\/impressum\/#breadcrumb\",\"itemListElement\":[{\"@type\":\"ListItem\",\"position\":1,\"name\":\"Startseite\",\"item\":\"https:\/\/albert-schweitzer.org\/\"},{\"@type\":\"ListItem\",\"position\":2,\"name\":\"Impressum\"}]},{\"@type\":\"WebSite\",\"@id\":\"https:\/\/vor2024.albert-schweitzer.org\/#website\",\"url\":\"https:\/\/vor2024.albert-schweitzer.org\/\",\"name\":\"Albert-Schweitzer-Familienwerk Bayern e.V.\",\"description\":\"Familienwerk Bayern\",\"publisher\":{\"@id\":\"https:\/\/vor2024.albert-schweitzer.org\/#organization\"},\"potentialAction\":[{\"@type\":\"SearchAction\",\"target\":{\"@type\":\"EntryPoint\",\"urlTemplate\":\"https:\/\/vor2024.albert-schweitzer.org\/?s={search_term_string}\"},\"query-input\":\"required name=search_term_string\"}],\"inLanguage\":\"de\"},{\"@type\":\"Organization\",\"@id\":\"https:\/\/vor2024.albert-schweitzer.org\/#organization\",\"name\":\"Albert-Schweitzer-Familienwerk Bayern e.V.\",\"url\":\"https:\/\/vor2024.albert-schweitzer.org\/\",\"logo\":{\"@type\":\"ImageObject\",\"inLanguage\":\"de\",\"@id\":\"https:\/\/vor2024.albert-schweitzer.org\/#\/schema\/logo\/image\/\",\"url\":\"https:\/\/albert-schweitzer.org\/wp-content\/uploads\/2017\/05\/Neues-Logo-2017-03-31-12_27_52-Albert-Schweitzer-Familienwerk-Bayern_-Hilfe-f\u00fcr-Kinder_V07.jpg\",\"contentUrl\":\"https:\/\/albert-schweitzer.org\/wp-content\/uploads\/2017\/05\/Neues-Logo-2017-03-31-12_27_52-Albert-Schweitzer-Familienwerk-Bayern_-Hilfe-f\u00fcr-Kinder_V07.jpg\",\"width\":307,\"height\":87,\"caption\":\"Albert-Schweitzer-Familienwerk Bayern e.V.\"},\"image\":{\"@id\":\"https:\/\/vor2024.albert-schweitzer.org\/#\/schema\/logo\/image\/\"},\"sameAs\":[\"https:\/\/www.facebook.com\/albert.schweitzer.familienwerk.bayern\/\",\"https:\/\/www.youtube.com\/channel\/UCVsoq3VgkNdLrfYvRvcSFTA\"]}]}<\/script>\n<!-- \/ Yoast SEO plugin. -->","yoast_head_json":{"title":"Impressum - Albert Schweitzer","robots":{"index":"noindex","follow":"follow","max-snippet":"max-snippet:-1","max-image-preview":"max-image-preview:large","max-video-preview":"max-video-preview:-1"},"twitter_misc":{"Gesch\u00e4tzte Lesezeit":"1\u00a0Minute"},"schema":{"@context":"https:\/\/schema.org","@graph":[{"@type":"WebPage","@id":"https:\/\/albert-schweitzer.org\/index.php\/impressum\/","url":"https:\/\/albert-schweitzer.org\/index.php\/impressum\/","name":"Impressum - Albert Schweitzer","isPartOf":{"@id":"https:\/\/vor2024.albert-schweitzer.org\/#website"},"datePublished":"2017-04-18T15:54:38+00:00","dateModified":"2024-05-14T08:43:57+00:00","breadcrumb":{"@id":"https:\/\/albert-schweitzer.org\/index.php\/impressum\/#breadcrumb"},"inLanguage":"de","potentialAction":[{"@type":"ReadAction","target":["https:\/\/albert-schweitzer.org\/index.php\/impressum\/"]}]},{"@type":"BreadcrumbList","@id":"https:\/\/albert-schweitzer.org\/index.php\/impressum\/#breadcrumb","itemListElement":[{"@type":"ListItem","position":1,"name":"Startseite","item":"https:\/\/albert-schweitzer.org\/"},{"@type":"ListItem","position":2,"name":"Impressum"}]},{"@type":"WebSite","@id":"https:\/\/vor2024.albert-schweitzer.org\/#website","url":"https:\/\/vor2024.albert-schweitzer.org\/","name":"Albert-Schweitzer-Familienwerk Bayern e.V.","description":"Familienwerk Bayern","publisher":{"@id":"https:\/\/vor2024.albert-schweitzer.org\/#organization"},"potentialAction":[{"@type":"SearchAction","target":{"@type":"EntryPoint","urlTemplate":"https:\/\/vor2024.albert-schweitzer.org\/?s={search_term_string}"},"query-input":"required name=search_term_string"}],"inLanguage":"de"},{"@type":"Organization","@id":"https:\/\/vor2024.albert-schweitzer.org\/#organization","name":"Albert-Schweitzer-Familienwerk Bayern e.V.","url":"https:\/\/vor2024.albert-schweitzer.org\/","logo":{"@type":"ImageObject","inLanguage":"de","@id":"https:\/\/vor2024.albert-schweitzer.org\/#\/schema\/logo\/image\/","url":"https:\/\/albert-schweitzer.org\/wp-content\/uploads\/2017\/05\/Neues-Logo-2017-03-31-12_27_52-Albert-Schweitzer-Familienwerk-Bayern_-Hilfe-f\u00fcr-Kinder_V07.jpg","contentUrl":"https:\/\/albert-schweitzer.org\/wp-content\/uploads\/2017\/05\/Neues-Logo-2017-03-31-12_27_52-Albert-Schweitzer-Familienwerk-Bayern_-Hilfe-f\u00fcr-Kinder_V07.jpg","width":307,"height":87,"caption":"Albert-Schweitzer-Familienwerk Bayern e.V."},"image":{"@id":"https:\/\/vor2024.albert-schweitzer.org\/#\/schema\/logo\/image\/"},"sameAs":["https:\/\/www.facebook.com\/albert.schweitzer.familienwerk.bayern\/","https:\/\/www.youtube.com\/channel\/UCVsoq3VgkNdLrfYvRvcSFTA"]}]}},"_links":{"self":[{"href":"https:\/\/vor2024.albert-schweitzer.org\/index.php\/wp-json\/wp\/v2\/pages\/20","targetHints":{"allow":["GET"]}}],"collection":[{"href":"https:\/\/vor2024.albert-schweitzer.org\/index.php\/wp-json\/wp\/v2\/pages"}],"about":[{"href":"https:\/\/vor2024.albert-schweitzer.org\/index.php\/wp-json\/wp\/v2\/types\/page"}],"author":[{"embeddable":true,"href":"https:\/\/vor2024.albert-schweitzer.org\/index.php\/wp-json\/wp\/v2\/users\/2"}],"replies":[{"embeddable":true,"href":"https:\/\/vor2024.albert-schweitzer.org\/index.php\/wp-json\/wp\/v2\/comments?post=20"}],"version-history":[{"count":4,"href":"https:\/\/vor2024.albert-schweitzer.org\/index.php\/wp-json\/wp\/v2\/pages\/20\/revisions"}],"predecessor-version":[{"id":4424,"href":"https:\/\/vor2024.albert-schweitzer.org\/index.php\/wp-json\/wp\/v2\/pages\/20\/revisions\/4424"}],"wp:attachment":[{"href":"https:\/\/vor2024.albert-schweitzer.org\/index.php\/wp-json\/wp\/v2\/media?parent=20"}],"curies":[{"name":"wp","href":"https:\/\/api.w.org\/{rel}","templated":true}]}}